{"id":1105,"date":"2026-02-28T15:27:51","date_gmt":"2026-02-28T07:27:51","guid":{"rendered":"https:\/\/neiton.com\/product\/gorgeous-jade-my250516-8215-movement-yellow-calcite-dial-watch\/"},"modified":"2026-02-28T15:27:53","modified_gmt":"2026-02-28T07:27:53","slug":"gorgeous-jade-my250516-8215-movement-yellow-calcite-dial-watch","status":"publish","type":"product","link":"https:\/\/neiton.com\/de\/product\/gorgeous-jade-my250516-8215-movement-yellow-calcite-dial-watch\/","title":{"rendered":"Gorgeous Jade MY250516 8215 Movement Yellow Calcite Dial Watch"},"content":{"rendered":"<p>Uhrwerk: 8215<\/p>\n<p>Geh\u00e4usematerial: 316L-Feinstahl<br \/>\nGeh\u00e4usedurchmesser: 42\/34 mm (ohne Kopf)<br \/>\nGeh\u00e4usedicke: 12 mm (einschlie\u00dflich Tischspiegel, untere Abdeckung)<\/p>\n<p>Material des Spiegels: synthetischer Saphirspiegel<\/p>\n<p>Wasserdichtigkeit: 50m wasserdicht<\/p>\n<p>Riemenl\u00e4nge: 20cm<br \/>\nBreite des Riemens: 20 mm<br \/>\nMaterial des Armbands: Leder<\/p>\n<p>Gewicht: 280g<\/p>\n<p>Garantiezeit: Ein Jahr kostenlose Garantie (au\u00dfer bei Qualit\u00e4tsproblemen muss der K\u00e4ufer die Kosten f\u00fcr die R\u00fccksendung\/Garantie \u00fcbernehmen)<\/p>","protected":false},"excerpt":{"rendered":"<p>Movement: 8215 Case material: 316L fine steel Case diam [&hellip;]<\/p>\n","protected":false},"featured_media":2911,"comment_status":"open","ping_status":"closed","template":"","meta":[],"product_brand":[],"product_cat":[132,133],"product_tag":[30],"class_list":{"0":"post-1105","1":"product","2":"type-product","3":"status-publish","4":"has-post-thumbnail","6":"product_cat-gourgeous-jade-watches","7":"product_cat-new-shopify-performance-sharing-is-now-turned-on","8":"product_tag-automatic-watches","10":"first","11":"instock","12":"shipping-taxable","13":"purchasable","14":"product-type-variable"},"_links":{"self":[{"href":"https:\/\/neiton.com\/de\/wp-json\/wp\/v2\/product\/1105","targetHints":{"allow":["GET"]}}],"collection":[{"href":"https:\/\/neiton.com\/de\/wp-json\/wp\/v2\/product"}],"about":[{"href":"https:\/\/neiton.com\/de\/wp-json\/wp\/v2\/types\/product"}],"replies":[{"embeddable":true,"href":"https:\/\/neiton.com\/de\/wp-json\/wp\/v2\/comments?post=1105"}],"wp:featuredmedia":[{"embeddable":true,"href":"https:\/\/neiton.com\/de\/wp-json\/wp\/v2\/media\/2911"}],"wp:attachment":[{"href":"https:\/\/neiton.com\/de\/wp-json\/wp\/v2\/media?parent=1105"}],"wp:term":[{"taxonomy":"product_brand","embeddable":true,"href":"https:\/\/neiton.com\/de\/wp-json\/wp\/v2\/product_brand?post=1105"},{"taxonomy":"product_cat","embeddable":true,"href":"https:\/\/neiton.com\/de\/wp-json\/wp\/v2\/product_cat?post=1105"},{"taxonomy":"product_tag","embeddable":true,"href":"https:\/\/neiton.com\/de\/wp-json\/wp\/v2\/product_tag?post=1105"}],"curies":[{"name":"wp","href":"https:\/\/api.w.org\/{rel}","templated":true}]}}