{"id":398,"date":"2026-02-28T15:26:09","date_gmt":"2026-02-28T07:26:09","guid":{"rendered":"https:\/\/neiton.com\/product\/corgeut-6001-nh35-movement-sapphire-mirror-100m-waterproof\/"},"modified":"2026-02-28T15:26:10","modified_gmt":"2026-02-28T07:26:10","slug":"corgeut-6001-nh35-movement-sapphire-mirror-100m-waterproof","status":"publish","type":"product","link":"https:\/\/neiton.com\/de\/product\/corgeut-6001-nh35-movement-sapphire-mirror-100m-waterproof\/","title":{"rendered":"Corgeut 6001 NH35 Uhrwerk Saphir-Spiegel 100m wasserdicht"},"content":{"rendered":"<p class=\"MsoNormal\"><span>Uhrwerk: NH35<\/span><\/p>\n<p class=\"MsoNormal\">Geh\u00e4usematerial: 316L-Feinstahl<br \/>Geh\u00e4usedurchmesser: 41mm (ohne Kopf)<br \/>Geh\u00e4usedicke: 13 mm (einschlie\u00dflich Tischspiegel, untere Abdeckung)<\/p>\n<p class=\"MsoNormal\">Material des Spiegels: synthetischer Saphirspiegel<\/p>\n<p class=\"MsoNormal\">Wasserdichtigkeit: 100m wasserdicht<\/p>\n<p class=\"MsoNormal\">Riemenl\u00e4nge: 20cm<br \/>Breite des Riemens: 20 mm<br \/>Material des Armbands: 316L-Feinstahl<\/p>\n<p class=\"MsoNormal\">Gewicht: 180g<\/p>\n<p class=\"MsoNormal\"><span>Garantiezeit: Ein Jahr kostenlose Garantie (au\u00dfer bei Qualit\u00e4tsproblemen muss der K\u00e4ufer die Kosten f\u00fcr die R\u00fccksendung\/Garantie \u00fcbernehmen)<\/span><\/p>","protected":false},"excerpt":{"rendered":"<p>Movement: NH35 Case material: 316L fine steelCase diame [&hellip;]<\/p>\n","protected":false},"featured_media":1243,"comment_status":"open","ping_status":"closed","template":"","meta":[],"product_brand":[],"product_cat":[124,131,133],"product_tag":[30,33,32],"class_list":{"0":"post-398","1":"product","2":"type-product","3":"status-publish","4":"has-post-thumbnail","6":"product_cat-automatic-watches","7":"product_cat-corgeut-watches","8":"product_cat-new-shopify-performance-sharing-is-now-turned-on","9":"product_tag-automatic-watches","10":"product_tag-diving-watches","11":"product_tag-watch","13":"first","14":"instock","15":"shipping-taxable","16":"purchasable","17":"product-type-variable"},"_links":{"self":[{"href":"https:\/\/neiton.com\/de\/wp-json\/wp\/v2\/product\/398","targetHints":{"allow":["GET"]}}],"collection":[{"href":"https:\/\/neiton.com\/de\/wp-json\/wp\/v2\/product"}],"about":[{"href":"https:\/\/neiton.com\/de\/wp-json\/wp\/v2\/types\/product"}],"replies":[{"embeddable":true,"href":"https:\/\/neiton.com\/de\/wp-json\/wp\/v2\/comments?post=398"}],"wp:featuredmedia":[{"embeddable":true,"href":"https:\/\/neiton.com\/de\/wp-json\/wp\/v2\/media\/1243"}],"wp:attachment":[{"href":"https:\/\/neiton.com\/de\/wp-json\/wp\/v2\/media?parent=398"}],"wp:term":[{"taxonomy":"product_brand","embeddable":true,"href":"https:\/\/neiton.com\/de\/wp-json\/wp\/v2\/product_brand?post=398"},{"taxonomy":"product_cat","embeddable":true,"href":"https:\/\/neiton.com\/de\/wp-json\/wp\/v2\/product_cat?post=398"},{"taxonomy":"product_tag","embeddable":true,"href":"https:\/\/neiton.com\/de\/wp-json\/wp\/v2\/product_tag?post=398"}],"curies":[{"name":"wp","href":"https:\/\/api.w.org\/{rel}","templated":true}]}}