{"id":580,"date":"2026-02-28T15:26:39","date_gmt":"2026-02-28T07:26:39","guid":{"rendered":"https:\/\/neiton.com\/product\/corgeut-6016-seagull-movement-sapphire-mirror-30m-waterproof\/"},"modified":"2026-02-28T15:26:43","modified_gmt":"2026-02-28T07:26:43","slug":"corgeut-6016-seagull-movement-sapphire-mirror-30m-waterproof","status":"publish","type":"product","link":"https:\/\/neiton.com\/de\/product\/corgeut-6016-seagull-movement-sapphire-mirror-30m-waterproof\/","title":{"rendered":"Corgeut 6016 Seagull Uhrwerk Saphir Spiegel 30m wasserdicht"},"content":{"rendered":"<p class=\"MsoNormal\"><span>Movement: Seagull Movement<\/span><\/p>\n<p class=\"MsoNormal\">Geh\u00e4usematerial: 316L-Feinstahl<br \/>Geh\u00e4usedurchmesser: 41mm (ohne Kopf)<br \/>Case thickness: 14.2mm (including table mirror, bottom cover)<\/p>\n<p class=\"MsoNormal\">Material des Spiegels: synthetischer Saphirspiegel<\/p>\n<p class=\"MsoNormal\">Wasserdicht: 30m wasserdicht<\/p>\n<p class=\"MsoNormal\">Strap length: 22cm<br \/>Breite des Armbandes: 22 mm<br \/>Material des Armbandes: Leder<\/p>\n<p class=\"MsoNormal\">Gewicht: 180g<\/p>\n<p class=\"MsoNormal\"><span>Garantiezeit: Ein Jahr kostenlose Garantie (au\u00dfer bei Qualit\u00e4tsproblemen muss der K\u00e4ufer die Kosten f\u00fcr die R\u00fccksendung\/Garantie \u00fcbernehmen)<\/span><\/p>","protected":false},"excerpt":{"rendered":"<p>Movement: Seagull Movement Case material: 316L fine ste [&hellip;]<\/p>\n","protected":false},"featured_media":2431,"comment_status":"open","ping_status":"closed","template":"","meta":[],"product_brand":[],"product_cat":[124,131,133],"product_tag":[30,32],"class_list":{"0":"post-580","1":"product","2":"type-product","3":"status-publish","4":"has-post-thumbnail","6":"product_cat-automatic-watches","7":"product_cat-corgeut-watches","8":"product_cat-new-shopify-performance-sharing-is-now-turned-on","9":"product_tag-automatic-watches","10":"product_tag-watch","12":"first","13":"instock","14":"shipping-taxable","15":"purchasable","16":"product-type-variable"},"_links":{"self":[{"href":"https:\/\/neiton.com\/de\/wp-json\/wp\/v2\/product\/580","targetHints":{"allow":["GET"]}}],"collection":[{"href":"https:\/\/neiton.com\/de\/wp-json\/wp\/v2\/product"}],"about":[{"href":"https:\/\/neiton.com\/de\/wp-json\/wp\/v2\/types\/product"}],"replies":[{"embeddable":true,"href":"https:\/\/neiton.com\/de\/wp-json\/wp\/v2\/comments?post=580"}],"wp:featuredmedia":[{"embeddable":true,"href":"https:\/\/neiton.com\/de\/wp-json\/wp\/v2\/media\/2431"}],"wp:attachment":[{"href":"https:\/\/neiton.com\/de\/wp-json\/wp\/v2\/media?parent=580"}],"wp:term":[{"taxonomy":"product_brand","embeddable":true,"href":"https:\/\/neiton.com\/de\/wp-json\/wp\/v2\/product_brand?post=580"},{"taxonomy":"product_cat","embeddable":true,"href":"https:\/\/neiton.com\/de\/wp-json\/wp\/v2\/product_cat?post=580"},{"taxonomy":"product_tag","embeddable":true,"href":"https:\/\/neiton.com\/de\/wp-json\/wp\/v2\/product_tag?post=580"}],"curies":[{"name":"wp","href":"https:\/\/api.w.org\/{rel}","templated":true}]}}