{"id":655,"date":"2026-02-28T15:26:52","date_gmt":"2026-02-28T07:26:52","guid":{"rendered":"https:\/\/neiton.com\/product\/corgeut-6023-st3600-movement-sapphire-mirror-30m-waterproof\/"},"modified":"2026-02-28T15:26:57","modified_gmt":"2026-02-28T07:26:57","slug":"corgeut-6023-st3600-movement-sapphire-mirror-30m-waterproof","status":"publish","type":"product","link":"https:\/\/neiton.com\/de\/product\/corgeut-6023-st3600-movement-sapphire-mirror-30m-waterproof\/","title":{"rendered":"Corgeut 6023 ST3600 Movement Sapphire Mirror 30m waterproof"},"content":{"rendered":"<p class=\"MsoNormal\"><span>Movement: ST3600<\/span><\/p>\n<p class=\"MsoNormal\">Geh\u00e4usematerial: 316L-Feinstahl<br \/>Case diameter: 44mm (excluding head)<br \/>Case thickness: 12.5mm (including table mirror, bottom cover)<\/p>\n<p class=\"MsoNormal\">Material des Spiegels: synthetischer Saphirspiegel<\/p>\n<p class=\"MsoNormal\">Wasserdicht: 30m wasserdicht<\/p>\n<p class=\"MsoNormal\">Riemenl\u00e4nge: 20cm<br \/>Breite des Armbandes: 22 mm<br \/>Material des Armbandes: Leder<\/p>\n<p class=\"MsoNormal\">Gewicht: 180g<\/p>\n<p class=\"MsoNormal\"><span>Garantiezeit: Ein Jahr kostenlose Garantie (au\u00dfer bei Qualit\u00e4tsproblemen muss der K\u00e4ufer die Kosten f\u00fcr die R\u00fccksendung\/Garantie \u00fcbernehmen)<\/span><\/p>","protected":false},"excerpt":{"rendered":"<p>Movement: ST3600 Case material: 316L fine steelCase dia [&hellip;]<\/p>\n","protected":false},"featured_media":2554,"comment_status":"open","ping_status":"closed","template":"","meta":[],"product_brand":[],"product_cat":[131,127,133],"product_tag":[35,36,32],"class_list":{"0":"post-655","1":"product","2":"type-product","3":"status-publish","4":"has-post-thumbnail","6":"product_cat-corgeut-watches","7":"product_cat-manual-watches","8":"product_cat-new-shopify-performance-sharing-is-now-turned-on","9":"product_tag-manual-watches","10":"product_tag-pilot-watches","11":"product_tag-watch","13":"first","14":"instock","15":"shipping-taxable","16":"purchasable","17":"product-type-variable"},"_links":{"self":[{"href":"https:\/\/neiton.com\/de\/wp-json\/wp\/v2\/product\/655","targetHints":{"allow":["GET"]}}],"collection":[{"href":"https:\/\/neiton.com\/de\/wp-json\/wp\/v2\/product"}],"about":[{"href":"https:\/\/neiton.com\/de\/wp-json\/wp\/v2\/types\/product"}],"replies":[{"embeddable":true,"href":"https:\/\/neiton.com\/de\/wp-json\/wp\/v2\/comments?post=655"}],"wp:featuredmedia":[{"embeddable":true,"href":"https:\/\/neiton.com\/de\/wp-json\/wp\/v2\/media\/2554"}],"wp:attachment":[{"href":"https:\/\/neiton.com\/de\/wp-json\/wp\/v2\/media?parent=655"}],"wp:term":[{"taxonomy":"product_brand","embeddable":true,"href":"https:\/\/neiton.com\/de\/wp-json\/wp\/v2\/product_brand?post=655"},{"taxonomy":"product_cat","embeddable":true,"href":"https:\/\/neiton.com\/de\/wp-json\/wp\/v2\/product_cat?post=655"},{"taxonomy":"product_tag","embeddable":true,"href":"https:\/\/neiton.com\/de\/wp-json\/wp\/v2\/product_tag?post=655"}],"curies":[{"name":"wp","href":"https:\/\/api.w.org\/{rel}","templated":true}]}}