{"id":709,"date":"2026-02-28T15:27:01","date_gmt":"2026-02-28T07:27:01","guid":{"rendered":"https:\/\/neiton.com\/product\/corgeut-9001-vk67-movement-mineral-glass-30m-waterproof\/"},"modified":"2026-02-28T15:27:06","modified_gmt":"2026-02-28T07:27:06","slug":"corgeut-9001-vk67-movement-mineral-glass-30m-waterproof","status":"publish","type":"product","link":"https:\/\/neiton.com\/de\/product\/corgeut-9001-vk67-movement-mineral-glass-30m-waterproof\/","title":{"rendered":"Corgeut 9001 VK67 Movement Mineral Glass 30m Waterproof"},"content":{"rendered":"<p class=\"MsoNormal\"><span>Movement: VK67<\/span><\/p>\n<p class=\"MsoNormal\">Geh\u00e4usematerial: 316L-Feinstahl<br \/>Case diameter: 46mm (excluding head)<br \/>Case thickness: 14.9mm (including table mirror, bottom cover)<\/p>\n<p class=\"MsoNormal\">Mirror material: mineral glass<\/p>\n<p class=\"MsoNormal\">Wasserdicht: 30m wasserdicht<\/p>\n<p class=\"MsoNormal\">Riemenl\u00e4nge: 20cm<br \/>Breite des Riemens: 20 mm<br \/>Strap material: cattle belt<\/p>\n<p class=\"MsoNormal\">Gewicht: 160g<\/p>\n<p class=\"MsoNormal\"><span>Garantiezeit: Ein Jahr kostenlose Garantie (au\u00dfer bei Qualit\u00e4tsproblemen muss der K\u00e4ufer die Kosten f\u00fcr die R\u00fccksendung\/Garantie \u00fcbernehmen)<\/span><\/p>","protected":false},"excerpt":{"rendered":"<p>Movement: VK67 Case material: 316L fine steelCase diame [&hellip;]<\/p>\n","protected":false},"featured_media":2636,"comment_status":"open","ping_status":"closed","template":"","meta":[],"product_brand":[],"product_cat":[131,133,128],"product_tag":[37,38,32],"class_list":{"0":"post-709","1":"product","2":"type-product","3":"status-publish","4":"has-post-thumbnail","6":"product_cat-corgeut-watches","7":"product_cat-new-shopify-performance-sharing-is-now-turned-on","8":"product_cat-quartz-watches","9":"product_tag-chronograph","10":"product_tag-quartz-watches","11":"product_tag-watch","13":"first","14":"instock","15":"shipping-taxable","16":"purchasable","17":"product-type-variable"},"_links":{"self":[{"href":"https:\/\/neiton.com\/de\/wp-json\/wp\/v2\/product\/709","targetHints":{"allow":["GET"]}}],"collection":[{"href":"https:\/\/neiton.com\/de\/wp-json\/wp\/v2\/product"}],"about":[{"href":"https:\/\/neiton.com\/de\/wp-json\/wp\/v2\/types\/product"}],"replies":[{"embeddable":true,"href":"https:\/\/neiton.com\/de\/wp-json\/wp\/v2\/comments?post=709"}],"wp:featuredmedia":[{"embeddable":true,"href":"https:\/\/neiton.com\/de\/wp-json\/wp\/v2\/media\/2636"}],"wp:attachment":[{"href":"https:\/\/neiton.com\/de\/wp-json\/wp\/v2\/media?parent=709"}],"wp:term":[{"taxonomy":"product_brand","embeddable":true,"href":"https:\/\/neiton.com\/de\/wp-json\/wp\/v2\/product_brand?post=709"},{"taxonomy":"product_cat","embeddable":true,"href":"https:\/\/neiton.com\/de\/wp-json\/wp\/v2\/product_cat?post=709"},{"taxonomy":"product_tag","embeddable":true,"href":"https:\/\/neiton.com\/de\/wp-json\/wp\/v2\/product_tag?post=709"}],"curies":[{"name":"wp","href":"https:\/\/api.w.org\/{rel}","templated":true}]}}