{"id":1147,"date":"2026-02-28T15:28:03","date_gmt":"2026-02-28T07:28:03","guid":{"rendered":"https:\/\/neiton.com\/product\/gorgeous-jade-my250525-8215-movement-plagioclase-dial-watch\/"},"modified":"2026-02-28T15:28:04","modified_gmt":"2026-02-28T07:28:04","slug":"gorgeous-jade-my250525-8215-movement-plagioclase-dial-watch","status":"publish","type":"product","link":"https:\/\/neiton.com\/es\/product\/gorgeous-jade-my250525-8215-movement-plagioclase-dial-watch\/","title":{"rendered":"Gorgeous Jade MY250525 8215 Movement Plagioclase Dial Watch"},"content":{"rendered":"<p>Movimiento: 8215<\/p>\n<p>Material de la caja: acero inoxidable 316L<br \/>\nDi\u00e1metro de la caja: 42\/34 mm (sin contar la corona)<br \/>\nGrosor de la caja: 12 mm (incluidos el cristal y el fondo)<\/p>\n<p>Material del espejo: zafiro sint\u00e9tico<\/p>\n<p>Resistencia al agua: 50 metros<\/p>\n<p>Longitud de la correa: 20 cm<br \/>\nAncho de la correa: 20 mm<br \/>\nMaterial de la correa: Cuero<\/p>\n<p>Peso: 280 g<\/p>\n<p>Per\u00edodo de garant\u00eda: un a\u00f1o de garant\u00eda gratuita (adem\u00e1s de los problemas de calidad del producto, el comprador es responsable de los gastos de env\u00edo de la devoluci\u00f3n y de la garant\u00eda)<\/p>","protected":false},"excerpt":{"rendered":"<p>Movement: 8215 Case material: 316L fine steel Case diam [&hellip;]<\/p>\n","protected":false},"featured_media":2963,"comment_status":"open","ping_status":"closed","template":"","meta":[],"product_brand":[],"product_cat":[124,132,133],"product_tag":[30],"class_list":{"0":"post-1147","1":"product","2":"type-product","3":"status-publish","4":"has-post-thumbnail","6":"product_cat-automatic-watches","7":"product_cat-gourgeous-jade-watches","8":"product_cat-new-shopify-performance-sharing-is-now-turned-on","9":"product_tag-automatic-watches","11":"first","12":"instock","13":"shipping-taxable","14":"purchasable","15":"product-type-variable"},"_links":{"self":[{"href":"https:\/\/neiton.com\/es\/wp-json\/wp\/v2\/product\/1147","targetHints":{"allow":["GET"]}}],"collection":[{"href":"https:\/\/neiton.com\/es\/wp-json\/wp\/v2\/product"}],"about":[{"href":"https:\/\/neiton.com\/es\/wp-json\/wp\/v2\/types\/product"}],"replies":[{"embeddable":true,"href":"https:\/\/neiton.com\/es\/wp-json\/wp\/v2\/comments?post=1147"}],"wp:featuredmedia":[{"embeddable":true,"href":"https:\/\/neiton.com\/es\/wp-json\/wp\/v2\/media\/2963"}],"wp:attachment":[{"href":"https:\/\/neiton.com\/es\/wp-json\/wp\/v2\/media?parent=1147"}],"wp:term":[{"taxonomy":"product_brand","embeddable":true,"href":"https:\/\/neiton.com\/es\/wp-json\/wp\/v2\/product_brand?post=1147"},{"taxonomy":"product_cat","embeddable":true,"href":"https:\/\/neiton.com\/es\/wp-json\/wp\/v2\/product_cat?post=1147"},{"taxonomy":"product_tag","embeddable":true,"href":"https:\/\/neiton.com\/es\/wp-json\/wp\/v2\/product_tag?post=1147"}],"curies":[{"name":"wp","href":"https:\/\/api.w.org\/{rel}","templated":true}]}}