{"id":398,"date":"2026-02-28T15:26:09","date_gmt":"2026-02-28T07:26:09","guid":{"rendered":"https:\/\/neiton.com\/product\/corgeut-6001-nh35-movement-sapphire-mirror-100m-waterproof\/"},"modified":"2026-02-28T15:26:10","modified_gmt":"2026-02-28T07:26:10","slug":"corgeut-6001-nh35-movement-sapphire-mirror-100m-waterproof","status":"publish","type":"product","link":"https:\/\/neiton.com\/es\/product\/corgeut-6001-nh35-movement-sapphire-mirror-100m-waterproof\/","title":{"rendered":"Movimiento Corgeut 6001 NH35, cristal de zafiro, resistente al agua hasta 100 m"},"content":{"rendered":"<p class=\"MsoNormal\"><span>Movimiento: NH35<\/span><\/p>\n<p class=\"MsoNormal\">Material de la caja: acero inoxidable 316L<br \/>Di\u00e1metro de la caja: 41 mm (sin contar la corona)<br \/>Grosor de la caja: 13 mm (incluidos el cristal y el fondo)<\/p>\n<p class=\"MsoNormal\">Material del espejo: zafiro sint\u00e9tico<\/p>\n<p class=\"MsoNormal\">Resistencia al agua: 100 metros<\/p>\n<p class=\"MsoNormal\">Longitud de la correa: 20 cm<br \/>Ancho de la correa: 20 mm<br \/>Material de la correa: acero inoxidable 316L<\/p>\n<p class=\"MsoNormal\">Peso: 180 g<\/p>\n<p class=\"MsoNormal\"><span>Per\u00edodo de garant\u00eda: un a\u00f1o de garant\u00eda gratuita (adem\u00e1s de los problemas de calidad del producto, el comprador es responsable de los gastos de env\u00edo de la devoluci\u00f3n y de la garant\u00eda)<\/span><\/p>","protected":false},"excerpt":{"rendered":"<p>Movement: NH35 Case material: 316L fine steelCase diame [&hellip;]<\/p>\n","protected":false},"featured_media":1243,"comment_status":"open","ping_status":"closed","template":"","meta":[],"product_brand":[],"product_cat":[124,131,133],"product_tag":[30,33,32],"class_list":{"0":"post-398","1":"product","2":"type-product","3":"status-publish","4":"has-post-thumbnail","6":"product_cat-automatic-watches","7":"product_cat-corgeut-watches","8":"product_cat-new-shopify-performance-sharing-is-now-turned-on","9":"product_tag-automatic-watches","10":"product_tag-diving-watches","11":"product_tag-watch","13":"first","14":"instock","15":"shipping-taxable","16":"purchasable","17":"product-type-variable"},"_links":{"self":[{"href":"https:\/\/neiton.com\/es\/wp-json\/wp\/v2\/product\/398","targetHints":{"allow":["GET"]}}],"collection":[{"href":"https:\/\/neiton.com\/es\/wp-json\/wp\/v2\/product"}],"about":[{"href":"https:\/\/neiton.com\/es\/wp-json\/wp\/v2\/types\/product"}],"replies":[{"embeddable":true,"href":"https:\/\/neiton.com\/es\/wp-json\/wp\/v2\/comments?post=398"}],"wp:featuredmedia":[{"embeddable":true,"href":"https:\/\/neiton.com\/es\/wp-json\/wp\/v2\/media\/1243"}],"wp:attachment":[{"href":"https:\/\/neiton.com\/es\/wp-json\/wp\/v2\/media?parent=398"}],"wp:term":[{"taxonomy":"product_brand","embeddable":true,"href":"https:\/\/neiton.com\/es\/wp-json\/wp\/v2\/product_brand?post=398"},{"taxonomy":"product_cat","embeddable":true,"href":"https:\/\/neiton.com\/es\/wp-json\/wp\/v2\/product_cat?post=398"},{"taxonomy":"product_tag","embeddable":true,"href":"https:\/\/neiton.com\/es\/wp-json\/wp\/v2\/product_tag?post=398"}],"curies":[{"name":"wp","href":"https:\/\/api.w.org\/{rel}","templated":true}]}}