{"id":496,"date":"2026-02-28T15:26:24","date_gmt":"2026-02-28T07:26:24","guid":{"rendered":"https:\/\/neiton.com\/product\/corgeut-6002l-st1644-movement-sapphire-mirror-200m-waterproof-2\/"},"modified":"2026-02-28T15:26:28","modified_gmt":"2026-02-28T07:26:28","slug":"corgeut-6002l-st1644-movement-sapphire-mirror-200m-waterproof-2","status":"publish","type":"product","link":"https:\/\/neiton.com\/es\/product\/corgeut-6002l-st1644-movement-sapphire-mirror-200m-waterproof-2\/","title":{"rendered":"Corgeut 6002L, mecanismo ST1644, cristal de zafiro, resistente al agua hasta 200 m"},"content":{"rendered":"<p class=\"MsoNormal\"><span>Movement: ST1644<\/span><\/p>\n<p class=\"MsoNormal\">Material de la caja: acero inoxidable 316L<br \/>Di\u00e1metro de la caja: 36 mm (sin contar la corona)<br \/>Grosor de la caja: 12,5 mm (incluidos el cristal y el fondo de la caja)<\/p>\n<p class=\"MsoNormal\">Material del espejo: zafiro sint\u00e9tico<\/p>\n<p class=\"MsoNormal\">Resistencia al agua: 200 metros<\/p>\n<p class=\"MsoNormal\">Longitud de la correa: 20 cm<br \/>Ancho de la correa: 20 mm<br \/>Material de la correa: acero inoxidable 316L<\/p>\n<p class=\"MsoNormal\">Peso: 180 g<\/p>\n<p class=\"MsoNormal\"><span>Per\u00edodo de garant\u00eda: un a\u00f1o de garant\u00eda gratuita (adem\u00e1s de los problemas de calidad del producto, el comprador es responsable de los gastos de env\u00edo de la devoluci\u00f3n y de la garant\u00eda)<\/span><\/p>","protected":false},"excerpt":{"rendered":"<p>Movement: ST1644 Case material: 316L fine steelCase dia [&hellip;]<\/p>\n","protected":false},"featured_media":2280,"comment_status":"open","ping_status":"closed","template":"","meta":[],"product_brand":[],"product_cat":[124,131,133],"product_tag":[30,32],"class_list":{"0":"post-496","1":"product","2":"type-product","3":"status-publish","4":"has-post-thumbnail","6":"product_cat-automatic-watches","7":"product_cat-corgeut-watches","8":"product_cat-new-shopify-performance-sharing-is-now-turned-on","9":"product_tag-automatic-watches","10":"product_tag-watch","12":"first","13":"instock","14":"shipping-taxable","15":"purchasable","16":"product-type-variable"},"_links":{"self":[{"href":"https:\/\/neiton.com\/es\/wp-json\/wp\/v2\/product\/496","targetHints":{"allow":["GET"]}}],"collection":[{"href":"https:\/\/neiton.com\/es\/wp-json\/wp\/v2\/product"}],"about":[{"href":"https:\/\/neiton.com\/es\/wp-json\/wp\/v2\/types\/product"}],"replies":[{"embeddable":true,"href":"https:\/\/neiton.com\/es\/wp-json\/wp\/v2\/comments?post=496"}],"wp:featuredmedia":[{"embeddable":true,"href":"https:\/\/neiton.com\/es\/wp-json\/wp\/v2\/media\/2280"}],"wp:attachment":[{"href":"https:\/\/neiton.com\/es\/wp-json\/wp\/v2\/media?parent=496"}],"wp:term":[{"taxonomy":"product_brand","embeddable":true,"href":"https:\/\/neiton.com\/es\/wp-json\/wp\/v2\/product_brand?post=496"},{"taxonomy":"product_cat","embeddable":true,"href":"https:\/\/neiton.com\/es\/wp-json\/wp\/v2\/product_cat?post=496"},{"taxonomy":"product_tag","embeddable":true,"href":"https:\/\/neiton.com\/es\/wp-json\/wp\/v2\/product_tag?post=496"}],"curies":[{"name":"wp","href":"https:\/\/api.w.org\/{rel}","templated":true}]}}