{"id":661,"date":"2026-02-28T15:26:53","date_gmt":"2026-02-28T07:26:53","guid":{"rendered":"https:\/\/neiton.com\/product\/corgeut-6025-st3600-movement-sapphire-mirror-30m-waterproof\/"},"modified":"2026-02-28T15:26:57","modified_gmt":"2026-02-28T07:26:57","slug":"corgeut-6025-st3600-movement-sapphire-mirror-30m-waterproof","status":"publish","type":"product","link":"https:\/\/neiton.com\/es\/product\/corgeut-6025-st3600-movement-sapphire-mirror-30m-waterproof\/","title":{"rendered":"Corgeut 6025 ST3600 Movement Sapphire Mirror 30m Waterproof"},"content":{"rendered":"<p class=\"MsoNormal\"><span>Movement: ST3600<\/span><\/p>\n<p class=\"MsoNormal\">Material de la caja: acero inoxidable 316L<br \/>Case diameter: 43.8mm (excluding head)<br \/>Case thickness: 11.5mm (including table mirror, bottom cover)<\/p>\n<p class=\"MsoNormal\">Material del espejo: zafiro sint\u00e9tico<\/p>\n<p class=\"MsoNormal\">Waterproof level: 30m waterproof<\/p>\n<p class=\"MsoNormal\">Longitud de la correa: 20 cm<br \/>Strap Width: 22mm<br \/>Strap material: leather<\/p>\n<p class=\"MsoNormal\">Peso: 180 g<\/p>\n<p class=\"MsoNormal\"><span>Per\u00edodo de garant\u00eda: un a\u00f1o de garant\u00eda gratuita (adem\u00e1s de los problemas de calidad del producto, el comprador es responsable de los gastos de env\u00edo de la devoluci\u00f3n y de la garant\u00eda)<\/span><\/p>","protected":false},"excerpt":{"rendered":"<p>Movement: ST3600 Case material: 316L fine steelCase dia [&hellip;]<\/p>\n","protected":false},"featured_media":2568,"comment_status":"open","ping_status":"closed","template":"","meta":[],"product_brand":[],"product_cat":[131,127,133],"product_tag":[35,36,32],"class_list":{"0":"post-661","1":"product","2":"type-product","3":"status-publish","4":"has-post-thumbnail","6":"product_cat-corgeut-watches","7":"product_cat-manual-watches","8":"product_cat-new-shopify-performance-sharing-is-now-turned-on","9":"product_tag-manual-watches","10":"product_tag-pilot-watches","11":"product_tag-watch","13":"first","14":"instock","15":"shipping-taxable","16":"purchasable","17":"product-type-variable"},"_links":{"self":[{"href":"https:\/\/neiton.com\/es\/wp-json\/wp\/v2\/product\/661","targetHints":{"allow":["GET"]}}],"collection":[{"href":"https:\/\/neiton.com\/es\/wp-json\/wp\/v2\/product"}],"about":[{"href":"https:\/\/neiton.com\/es\/wp-json\/wp\/v2\/types\/product"}],"replies":[{"embeddable":true,"href":"https:\/\/neiton.com\/es\/wp-json\/wp\/v2\/comments?post=661"}],"wp:featuredmedia":[{"embeddable":true,"href":"https:\/\/neiton.com\/es\/wp-json\/wp\/v2\/media\/2568"}],"wp:attachment":[{"href":"https:\/\/neiton.com\/es\/wp-json\/wp\/v2\/media?parent=661"}],"wp:term":[{"taxonomy":"product_brand","embeddable":true,"href":"https:\/\/neiton.com\/es\/wp-json\/wp\/v2\/product_brand?post=661"},{"taxonomy":"product_cat","embeddable":true,"href":"https:\/\/neiton.com\/es\/wp-json\/wp\/v2\/product_cat?post=661"},{"taxonomy":"product_tag","embeddable":true,"href":"https:\/\/neiton.com\/es\/wp-json\/wp\/v2\/product_tag?post=661"}],"curies":[{"name":"wp","href":"https:\/\/api.w.org\/{rel}","templated":true}]}}