{"id":758,"date":"2026-02-28T15:27:08","date_gmt":"2026-02-28T07:27:08","guid":{"rendered":"https:\/\/neiton.com\/product\/corgeut-9005-vk63-movement-sapphire-mirror-100m-waterproof\/"},"modified":"2026-02-28T15:27:20","modified_gmt":"2026-02-28T07:27:20","slug":"corgeut-9005-vk63-movement-sapphire-mirror-100m-waterproof","status":"publish","type":"product","link":"https:\/\/neiton.com\/es\/product\/corgeut-9005-vk63-movement-sapphire-mirror-100m-waterproof\/","title":{"rendered":"Corgeut 9005 VK63 Movement Sapphire Mirror 100m waterproof"},"content":{"rendered":"<p class=\"MsoNormal\"><span>Movimiento: NH35<\/span><\/p>\n<p class=\"MsoNormal\">Material de la caja: acero inoxidable 316L<br \/>Case diameter: 40mm (excluding head)<br \/>Grosor de la caja: 13 mm (incluidos el cristal y el fondo)<\/p>\n<p class=\"MsoNormal\">Mirror material: mineral mirror<\/p>\n<p class=\"MsoNormal\">Waterproof level: 30m waterproof<\/p>\n<p class=\"MsoNormal\">Longitud de la correa: 20 cm<br \/>Ancho de la correa: 20 mm<br \/>Material de la correa: acero inoxidable 316L<\/p>\n<p class=\"MsoNormal\">Weight: 160g<\/p>\n<p class=\"MsoNormal\"><span>Per\u00edodo de garant\u00eda: un a\u00f1o de garant\u00eda gratuita (adem\u00e1s de los problemas de calidad del producto, el comprador es responsable de los gastos de env\u00edo de la devoluci\u00f3n y de la garant\u00eda)<\/span><\/p>","protected":false},"excerpt":{"rendered":"<p>Movement: NH35 Case material: 316L fine steelCase diame [&hellip;]<\/p>\n","protected":false},"featured_media":2713,"comment_status":"open","ping_status":"closed","template":"","meta":[],"product_brand":[],"product_cat":[131,133,128],"product_tag":[38,39,32],"class_list":{"0":"post-758","1":"product","2":"type-product","3":"status-publish","4":"has-post-thumbnail","6":"product_cat-corgeut-watches","7":"product_cat-new-shopify-performance-sharing-is-now-turned-on","8":"product_cat-quartz-watches","9":"product_tag-quartz-watches","10":"product_tag-sport","11":"product_tag-watch","13":"first","14":"outofstock","15":"shipping-taxable","16":"purchasable","17":"product-type-variable"},"_links":{"self":[{"href":"https:\/\/neiton.com\/es\/wp-json\/wp\/v2\/product\/758","targetHints":{"allow":["GET"]}}],"collection":[{"href":"https:\/\/neiton.com\/es\/wp-json\/wp\/v2\/product"}],"about":[{"href":"https:\/\/neiton.com\/es\/wp-json\/wp\/v2\/types\/product"}],"replies":[{"embeddable":true,"href":"https:\/\/neiton.com\/es\/wp-json\/wp\/v2\/comments?post=758"}],"wp:featuredmedia":[{"embeddable":true,"href":"https:\/\/neiton.com\/es\/wp-json\/wp\/v2\/media\/2713"}],"wp:attachment":[{"href":"https:\/\/neiton.com\/es\/wp-json\/wp\/v2\/media?parent=758"}],"wp:term":[{"taxonomy":"product_brand","embeddable":true,"href":"https:\/\/neiton.com\/es\/wp-json\/wp\/v2\/product_brand?post=758"},{"taxonomy":"product_cat","embeddable":true,"href":"https:\/\/neiton.com\/es\/wp-json\/wp\/v2\/product_cat?post=758"},{"taxonomy":"product_tag","embeddable":true,"href":"https:\/\/neiton.com\/es\/wp-json\/wp\/v2\/product_tag?post=758"}],"curies":[{"name":"wp","href":"https:\/\/api.w.org\/{rel}","templated":true}]}}