{"id":1082,"date":"2026-02-28T15:27:45","date_gmt":"2026-02-28T07:27:45","guid":{"rendered":"https:\/\/neiton.com\/product\/gorgeous-jade-my250510-8215-movement-zebra-stone-dial-watch\/"},"modified":"2026-02-28T15:27:48","modified_gmt":"2026-02-28T07:27:48","slug":"gorgeous-jade-my250510-8215-movement-zebra-stone-dial-watch","status":"publish","type":"product","link":"https:\/\/neiton.com\/fr\/product\/gorgeous-jade-my250510-8215-movement-zebra-stone-dial-watch\/","title":{"rendered":"Gorgeous Jade MY250510 8215 Movement Zebra Stone Dial Watch"},"content":{"rendered":"<p>Mouvement : 8215<\/p>\n<p>Mat\u00e9riau du bo\u00eetier : acier fin 316L<br \/>\nDiam\u00e8tre du bo\u00eetier : 42\/34 mm (sans la t\u00eate)<br \/>\n\u00c9paisseur du bo\u00eetier : 12 mm (miroir de table et couvercle inf\u00e9rieur inclus)<\/p>\n<p>Mat\u00e9riau du miroir : saphir synth\u00e9tique<\/p>\n<p>Niveau d'\u00e9tanch\u00e9it\u00e9 : 50m d'\u00e9tanch\u00e9it\u00e9<\/p>\n<p>Longueur de la sangle : 20 cm<br \/>\nLargeur du bracelet : 20 mm<br \/>\nMat\u00e9riau du bracelet : cuir<\/p>\n<p>Poids : 280g<\/p>\n<p>P\u00e9riode de garantie : Un an de garantie gratuite (en plus des probl\u00e8mes de qualit\u00e9 du produit, les frais de retour\/garantie sont \u00e0 la charge de l'acheteur).<\/p>","protected":false},"excerpt":{"rendered":"<p>Movement: 8215 Case material: 316L fine steel Case diam [&hellip;]<\/p>\n","protected":false},"featured_media":2880,"comment_status":"open","ping_status":"closed","template":"","meta":[],"product_brand":[],"product_cat":[124,132,133],"product_tag":[30],"class_list":{"0":"post-1082","1":"product","2":"type-product","3":"status-publish","4":"has-post-thumbnail","6":"product_cat-automatic-watches","7":"product_cat-gourgeous-jade-watches","8":"product_cat-new-shopify-performance-sharing-is-now-turned-on","9":"product_tag-automatic-watches","11":"first","12":"instock","13":"shipping-taxable","14":"purchasable","15":"product-type-variable"},"_links":{"self":[{"href":"https:\/\/neiton.com\/fr\/wp-json\/wp\/v2\/product\/1082","targetHints":{"allow":["GET"]}}],"collection":[{"href":"https:\/\/neiton.com\/fr\/wp-json\/wp\/v2\/product"}],"about":[{"href":"https:\/\/neiton.com\/fr\/wp-json\/wp\/v2\/types\/product"}],"replies":[{"embeddable":true,"href":"https:\/\/neiton.com\/fr\/wp-json\/wp\/v2\/comments?post=1082"}],"wp:featuredmedia":[{"embeddable":true,"href":"https:\/\/neiton.com\/fr\/wp-json\/wp\/v2\/media\/2880"}],"wp:attachment":[{"href":"https:\/\/neiton.com\/fr\/wp-json\/wp\/v2\/media?parent=1082"}],"wp:term":[{"taxonomy":"product_brand","embeddable":true,"href":"https:\/\/neiton.com\/fr\/wp-json\/wp\/v2\/product_brand?post=1082"},{"taxonomy":"product_cat","embeddable":true,"href":"https:\/\/neiton.com\/fr\/wp-json\/wp\/v2\/product_cat?post=1082"},{"taxonomy":"product_tag","embeddable":true,"href":"https:\/\/neiton.com\/fr\/wp-json\/wp\/v2\/product_tag?post=1082"}],"curies":[{"name":"wp","href":"https:\/\/api.w.org\/{rel}","templated":true}]}}