{"id":1338,"date":"2026-02-28T15:28:34","date_gmt":"2026-02-28T07:28:34","guid":{"rendered":"https:\/\/neiton.com\/product\/mstianq-1110-womens-retro-square-quartz-watch\/"},"modified":"2026-02-28T15:28:37","modified_gmt":"2026-02-28T07:28:37","slug":"mstianq-1110-womens-retro-square-quartz-watch","status":"publish","type":"product","link":"https:\/\/neiton.com\/fr\/product\/mstianq-1110-womens-retro-square-quartz-watch\/","title":{"rendered":"MSTIANQ 1110 Women&#8217;s retro Square Quartz Watch"},"content":{"rendered":"<div id=\"offer-template-0\"><\/div>\n<div style=\"width: 790px;\">\n<table>\n<tbody>\n<tr class=\"ant-descriptions-row\">\n<th class=\"ant-descriptions-item-label\">Marque<\/th>\n<td class=\"ant-descriptions-item-content\"><span class=\"field-value\">MSTIANQ<\/span><\/td>\n<th class=\"ant-descriptions-item-label\">Type de mouvement<\/th>\n<td class=\"ant-descriptions-item-content\"><span class=\"field-value\">Quartz<\/span><\/td>\n<\/tr>\n<tr class=\"ant-descriptions-row\">\n<th class=\"ant-descriptions-item-label\">Imperm\u00e9able \u00e0 l'eau<\/th>\n<td class=\"ant-descriptions-item-content\"><span class=\"field-value\">OK<\/span><\/td>\n<th class=\"ant-descriptions-item-label\">Marque de mouvement<\/th>\n<td class=\"ant-descriptions-item-content\"><span class=\"field-value\">Autres<\/span><\/td>\n<\/tr>\n<tr class=\"ant-descriptions-row\">\n<th class=\"ant-descriptions-item-label\">Mat\u00e9riau de la sangle<\/th>\n<td class=\"ant-descriptions-item-content\"><span class=\"field-value\">Imitation leather<\/span><\/td>\n<th class=\"ant-descriptions-item-label\">Special features<\/th>\n<td class=\"ant-descriptions-item-content\"><span class=\"field-value\">Autres<\/span><\/td>\n<\/tr>\n<tr class=\"ant-descriptions-row\">\n<th class=\"ant-descriptions-item-label\">Mat\u00e9riau de l'\u00e9tui<\/th>\n<td class=\"ant-descriptions-item-content\"><span class=\"field-value\">Alliage<\/span><\/td>\n<th class=\"ant-descriptions-item-label\">Type d'affichage<\/th>\n<td class=\"ant-descriptions-item-content\"><span class=\"field-value\">Pointeur<\/span><\/td>\n<\/tr>\n<tr class=\"ant-descriptions-row\">\n<th class=\"ant-descriptions-item-label\">Import or not<\/th>\n<td class=\"ant-descriptions-item-content\"><span class=\"field-value\">No<\/span><\/td>\n<th class=\"ant-descriptions-item-label\">Mod\u00e8le<\/th>\n<td class=\"ant-descriptions-item-content\"><span class=\"field-value\">1110<\/span><\/td>\n<\/tr>\n<tr class=\"ant-descriptions-row\">\n<th class=\"ant-descriptions-item-label\">LOGO imprim\u00e9<\/th>\n<td class=\"ant-descriptions-item-content\"><span class=\"field-value\">OK<\/span><\/td>\n<th class=\"ant-descriptions-item-label\">Traitement personnalis\u00e9<\/th>\n<td class=\"ant-descriptions-item-content\"><span class=\"field-value\">Oui<\/span><\/td>\n<\/tr>\n<tr class=\"ant-descriptions-row\">\n<th class=\"ant-descriptions-item-label\">Population concern\u00e9e<\/th>\n<td class=\"ant-descriptions-item-content\"><span class=\"field-value\">Female<\/span><\/td>\n<th class=\"ant-descriptions-item-label\">Style<\/th>\n<td class=\"ant-descriptions-item-content\"><span class=\"field-value\">Retro<\/span><\/td>\n<\/tr>\n<tr class=\"ant-descriptions-row\">\n<th class=\"ant-descriptions-item-label\">Mod\u00e8le de mouvement<\/th>\n<td class=\"ant-descriptions-item-content\"><span class=\"field-value\">Quartz<\/span><\/td>\n<th class=\"ant-descriptions-item-label\">Performance en mati\u00e8re d'\u00e9tanch\u00e9it\u00e9<\/th>\n<td class=\"ant-descriptions-item-content\"><span class=\"field-value\">Autres<\/span><\/td>\n<\/tr>\n<tr class=\"ant-descriptions-row\">\n<th class=\"ant-descriptions-item-label\">\u00c9paisseur<\/th>\n<td class=\"ant-descriptions-item-content\"><span class=\"field-value\">10mm<\/span><\/td>\n<th class=\"ant-descriptions-item-label\">Diam\u00e8tre du cadran<\/th>\n<td class=\"ant-descriptions-item-content\"><span class=\"field-value\">37mm<\/span><\/td>\n<\/tr>\n<tr class=\"ant-descriptions-row\">\n<th class=\"ant-descriptions-item-label\">Type de couronne<\/th>\n<td class=\"ant-descriptions-item-content\"><span class=\"field-value\">Couronne en spirale<\/span><\/td>\n<th class=\"ant-descriptions-item-label\">Type de base de la table<\/th>\n<td class=\"ant-descriptions-item-content\"><span class=\"field-value\">Ordinaire<\/span><\/td>\n<\/tr>\n<tr class=\"ant-descriptions-row\">\n<th class=\"ant-descriptions-item-label\">Mat\u00e9riau du miroir<\/th>\n<td class=\"ant-descriptions-item-content\"><span class=\"field-value\">Miroir en verre renforc\u00e9 de min\u00e9raux<\/span><\/td>\n<th class=\"ant-descriptions-item-label\">Boucle de montre<\/th>\n<td class=\"ant-descriptions-item-content\"><span class=\"field-value\">Battery buckle pin buckle<\/span><\/td>\n<\/tr>\n<tr class=\"ant-descriptions-row\">\n<th class=\"ant-descriptions-item-label\">Mat\u00e9riau de la boucle<\/th>\n<td class=\"ant-descriptions-item-content\"><span class=\"field-value\">Acier inoxydable<\/span><\/td>\n<th class=\"ant-descriptions-item-label\">Forme du cadran<\/th>\n<td class=\"ant-descriptions-item-content\"><span class=\"field-value\">Square<\/span><\/td>\n<\/tr>\n<\/tbody>\n<\/table>\n<\/div>\n<div style=\"width: 790px;\">\n<img decoding=\"async\" style=\"display: block; width: 100%; height: auto;\" title=\"\" src=\"https:\/\/cdn.shopify.com\/s\/files\/1\/0939\/8036\/0983\/files\/5eb15fb6-e0aa-4f38-99dd-662b1218e415.jpg?v=1764748789\" alt=\"\" usemap=\"#_sdmap_1\"> <img decoding=\"async\" style=\"display: block; width: 100%; height: auto;\" title=\"\" src=\"https:\/\/cdn.shopify.com\/s\/files\/1\/0939\/8036\/0983\/files\/ab1c12e6-1fe8-4b40-8c55-790f0527fd1a.jpg?v=1764748791\" alt=\"\" usemap=\"#_sdmap_2\"> <img decoding=\"async\" style=\"display: block; width: 100%; height: auto;\" title=\"\" src=\"https:\/\/cdn.shopify.com\/s\/files\/1\/0939\/8036\/0983\/files\/47720f2b-2d06-496f-87c9-d169fbfacb7d.jpg?v=1764748794\" alt=\"\" usemap=\"#_sdmap_3\"> <img decoding=\"async\" style=\"display: block; width: 100%; height: auto;\" title=\"\" src=\"https:\/\/cdn.shopify.com\/s\/files\/1\/0939\/8036\/0983\/files\/79584089-21f9-435f-91d4-0247a448dd87.jpg?v=1764748796\" alt=\"\" usemap=\"#_sdmap_4\"> <img decoding=\"async\" style=\"display: block; width: 100%; height: auto;\" title=\"\" src=\"https:\/\/cdn.shopify.com\/s\/files\/1\/0939\/8036\/0983\/files\/a648689c-0d1a-4a48-b7d4-a4dae291f244.jpg?v=1764748799\" alt=\"\" usemap=\"#_sdmap_5\"> <img decoding=\"async\" style=\"display: block; width: 100%; height: auto;\" title=\"\" src=\"https:\/\/cdn.shopify.com\/s\/files\/1\/0939\/8036\/0983\/files\/64fa75f7-7244-4e9e-9acf-73187d77c3d3.jpg?v=1764748802\" alt=\"\" usemap=\"#_sdmap_6\"> <img decoding=\"async\" style=\"display: block; width: 100%; height: auto;\" title=\"\" src=\"https:\/\/cdn.shopify.com\/s\/files\/1\/0939\/8036\/0983\/files\/f6b87b90-21f9-4e92-b3b8-297dfde33e3d.jpg?v=1764748804\" alt=\"\" usemap=\"#_sdmap_7\"> <img decoding=\"async\" style=\"display: block; width: 100%; height: auto;\" title=\"\" src=\"https:\/\/cdn.shopify.com\/s\/files\/1\/0939\/8036\/0983\/files\/3dde8716-1592-4f8b-bb2d-ca2ab77b731e.jpg?v=1764748807\" alt=\"\" usemap=\"#_sdmap_8\">\n<\/div>","protected":false},"excerpt":{"rendered":"<p>Brand MSTIANQ Movement type Quartz Waterproof OK Moveme [&hellip;]<\/p>\n","protected":false},"featured_media":3141,"comment_status":"open","ping_status":"closed","template":"","meta":[],"product_brand":[],"product_cat":[133,128],"product_tag":[59],"class_list":{"0":"post-1338","1":"product","2":"type-product","3":"status-publish","4":"has-post-thumbnail","6":"product_cat-new-shopify-performance-sharing-is-now-turned-on","7":"product_cat-quartz-watches","8":"product_tag-small-square-watch","10":"first","11":"instock","12":"sale","13":"shipping-taxable","14":"purchasable","15":"product-type-variable"},"_links":{"self":[{"href":"https:\/\/neiton.com\/fr\/wp-json\/wp\/v2\/product\/1338","targetHints":{"allow":["GET"]}}],"collection":[{"href":"https:\/\/neiton.com\/fr\/wp-json\/wp\/v2\/product"}],"about":[{"href":"https:\/\/neiton.com\/fr\/wp-json\/wp\/v2\/types\/product"}],"replies":[{"embeddable":true,"href":"https:\/\/neiton.com\/fr\/wp-json\/wp\/v2\/comments?post=1338"}],"wp:featuredmedia":[{"embeddable":true,"href":"https:\/\/neiton.com\/fr\/wp-json\/wp\/v2\/media\/3141"}],"wp:attachment":[{"href":"https:\/\/neiton.com\/fr\/wp-json\/wp\/v2\/media?parent=1338"}],"wp:term":[{"taxonomy":"product_brand","embeddable":true,"href":"https:\/\/neiton.com\/fr\/wp-json\/wp\/v2\/product_brand?post=1338"},{"taxonomy":"product_cat","embeddable":true,"href":"https:\/\/neiton.com\/fr\/wp-json\/wp\/v2\/product_cat?post=1338"},{"taxonomy":"product_tag","embeddable":true,"href":"https:\/\/neiton.com\/fr\/wp-json\/wp\/v2\/product_tag?post=1338"}],"curies":[{"name":"wp","href":"https:\/\/api.w.org\/{rel}","templated":true}]}}