{"id":1344,"date":"2026-02-28T15:28:35","date_gmt":"2026-02-28T07:28:35","guid":{"rendered":"https:\/\/neiton.com\/product\/mstianq-1112-antique-style-womens-quartz-watch\/"},"modified":"2026-02-28T15:28:37","modified_gmt":"2026-02-28T07:28:37","slug":"mstianq-1112-antique-style-womens-quartz-watch","status":"publish","type":"product","link":"https:\/\/neiton.com\/fr\/product\/mstianq-1112-antique-style-womens-quartz-watch\/","title":{"rendered":"Mstianq 1112 Antique Style Women&#8217;s Quartz Watch"},"content":{"rendered":"<div id=\"offer-template-0\"><\/div>\n<div style=\"width: 790.0px;\">\n<table>\n<tbody>\n<tr class=\"ant-descriptions-row\">\n<th class=\"ant-descriptions-item-label\"><span data-spm-anchor-id=\"a261y.7663282.productAttributes.i1.22d36d818SaBy0\">Marque<\/span><\/th>\n<td class=\"ant-descriptions-item-content\"><span class=\"field-value\">MSTIANQ<\/span><\/td>\n<th class=\"ant-descriptions-item-label\">Type de mouvement<\/th>\n<td class=\"ant-descriptions-item-content\"><span class=\"field-value\">Quartz<\/span><\/td>\n<\/tr>\n<tr class=\"ant-descriptions-row\">\n<th class=\"ant-descriptions-item-label\">Imperm\u00e9able \u00e0 l'eau<\/th>\n<td class=\"ant-descriptions-item-content\"><span class=\"field-value\">OK<\/span><\/td>\n<th class=\"ant-descriptions-item-label\">Marque de mouvement<\/th>\n<td class=\"ant-descriptions-item-content\"><span class=\"field-value\">Autres<\/span><\/td>\n<\/tr>\n<tr class=\"ant-descriptions-row\">\n<th class=\"ant-descriptions-item-label\">Mat\u00e9riau de la sangle<\/th>\n<td class=\"ant-descriptions-item-content\"><span class=\"field-value\">Imitation leather<\/span><\/td>\n<th class=\"ant-descriptions-item-label\">Special features<\/th>\n<td class=\"ant-descriptions-item-content\"><span class=\"field-value\">Autres<\/span><\/td>\n<\/tr>\n<tr class=\"ant-descriptions-row\">\n<th class=\"ant-descriptions-item-label\">Mat\u00e9riau de l'\u00e9tui<\/th>\n<td class=\"ant-descriptions-item-content\"><span class=\"field-value\">Alliage<\/span><\/td>\n<th class=\"ant-descriptions-item-label\">Type d'affichage<\/th>\n<td class=\"ant-descriptions-item-content\"><span class=\"field-value\">Pointeur<\/span><\/td>\n<\/tr>\n<tr class=\"ant-descriptions-row\">\n<th class=\"ant-descriptions-item-label\">Performance en mati\u00e8re d'\u00e9tanch\u00e9it\u00e9<\/th>\n<td class=\"ant-descriptions-item-content\"><span class=\"field-value\">30M<\/span><\/td>\n<th class=\"ant-descriptions-item-label\">Mod\u00e8le<\/th>\n<td class=\"ant-descriptions-item-content\"><span class=\"field-value\">1112<\/span><\/td>\n<\/tr>\n<tr class=\"ant-descriptions-row\">\n<th class=\"ant-descriptions-item-label\">LOGO imprim\u00e9<\/th>\n<td class=\"ant-descriptions-item-content\"><span class=\"field-value\">OK<\/span><\/td>\n<th class=\"ant-descriptions-item-label\">Traitement personnalis\u00e9<\/th>\n<td class=\"ant-descriptions-item-content\"><span class=\"field-value\">Oui<\/span><\/td>\n<\/tr>\n<tr class=\"ant-descriptions-row\">\n<th class=\"ant-descriptions-item-label\">Population concern\u00e9e<\/th>\n<td class=\"ant-descriptions-item-content\"><span class=\"field-value\">Female<\/span><\/td>\n<th class=\"ant-descriptions-item-label\">Style<\/th>\n<td class=\"ant-descriptions-item-content\"><span class=\"field-value\">Vintage Style<\/span><\/td>\n<\/tr>\n<tr class=\"ant-descriptions-row\">\n<th class=\"ant-descriptions-item-label\">Origine du mouvement<\/th>\n<td class=\"ant-descriptions-item-content\"><span class=\"field-value\">Guangdong<\/span><\/td>\n<th class=\"ant-descriptions-item-label\">Mod\u00e8le de mouvement<\/th>\n<td class=\"ant-descriptions-item-content\"><span class=\"field-value\">sl68<\/span><\/td>\n<\/tr>\n<tr class=\"ant-descriptions-row\">\n<th class=\"ant-descriptions-item-label\">\u00c9paisseur<\/th>\n<td class=\"ant-descriptions-item-content\"><span class=\"field-value\">8mm<\/span><\/td>\n<th class=\"ant-descriptions-item-label\">Diam\u00e8tre du cadran<\/th>\n<td class=\"ant-descriptions-item-content\"><span class=\"field-value\">25mm<\/span><\/td>\n<\/tr>\n<tr class=\"ant-descriptions-row\">\n<th class=\"ant-descriptions-item-label\">Type de couronne<\/th>\n<td class=\"ant-descriptions-item-content\"><span class=\"field-value\">Autres<\/span><\/td>\n<th class=\"ant-descriptions-item-label\">Type de base de la table<\/th>\n<td class=\"ant-descriptions-item-content\"><span class=\"field-value\">Ordinaire<\/span><\/td>\n<\/tr>\n<tr class=\"ant-descriptions-row\">\n<th class=\"ant-descriptions-item-label\">Mat\u00e9riau du miroir<\/th>\n<td class=\"ant-descriptions-item-content\"><span class=\"field-value\">Plexiglass mirror<\/span><\/td>\n<th class=\"ant-descriptions-item-label\">Boucle de montre<\/th>\n<td class=\"ant-descriptions-item-content\"><span class=\"field-value\">Battery buckle pin buckle<\/span><\/td>\n<\/tr>\n<tr class=\"ant-descriptions-row\">\n<th class=\"ant-descriptions-item-label\">Mat\u00e9riau de la boucle<\/th>\n<td class=\"ant-descriptions-item-content\"><span class=\"field-value\">Acier inoxydable<\/span><\/td>\n<th class=\"ant-descriptions-item-label\">Forme du cadran<\/th>\n<td class=\"ant-descriptions-item-content\"><span class=\"field-value\">Square<\/span><\/td>\n<\/tr>\n<\/tbody>\n<\/table>\n<\/div>\n<div style=\"width: 790.0px;\">\n<img decoding=\"async\" style=\"display: block; width: 100.0%; height: auto;\" src=\"https:\/\/cdn.shopify.com\/s\/files\/1\/0939\/8036\/0983\/files\/d9ccf015-b9dc-4819-965a-2f530b0410dd.jpg?v=1764748746\" usemap=\"#_sdmap_1\"> <img decoding=\"async\" style=\"display: block; width: 100.0%; height: auto;\" src=\"https:\/\/cdn.shopify.com\/s\/files\/1\/0939\/8036\/0983\/files\/42a62f73-1b97-4864-b0c5-53e793b94acd.jpg?v=1764748749\" usemap=\"#_sdmap_2\"> <img decoding=\"async\" style=\"display: block; width: 100.0%; height: auto;\" src=\"https:\/\/cdn.shopify.com\/s\/files\/1\/0939\/8036\/0983\/files\/21ffbaa9-7612-45c2-9123-d93ae1eec191.jpg?v=1764748752\" usemap=\"#_sdmap_3\"> <img decoding=\"async\" style=\"display: block; width: 100.0%; height: auto;\" src=\"https:\/\/cdn.shopify.com\/s\/files\/1\/0939\/8036\/0983\/files\/8d604fe7-76ab-4e5c-9e7e-179c664ac9bd.jpg?v=1764748755\" usemap=\"#_sdmap_4\"> <img decoding=\"async\" style=\"display: block; width: 100.0%; height: auto;\" src=\"https:\/\/cdn.shopify.com\/s\/files\/1\/0939\/8036\/0983\/files\/546024ff-ab6a-4316-99e7-d250d7b16318.jpg?v=1764748758\" usemap=\"#_sdmap_5\"> <img decoding=\"async\" style=\"display: block; width: 100.0%; height: auto;\" src=\"https:\/\/cdn.shopify.com\/s\/files\/1\/0939\/8036\/0983\/files\/11f9a95e-8722-4161-8b82-99eae6bd2954.jpg?v=1764748760\" usemap=\"#_sdmap_6\"> <img decoding=\"async\" style=\"display: block; width: 100.0%; height: auto;\" src=\"https:\/\/cdn.shopify.com\/s\/files\/1\/0939\/8036\/0983\/files\/30a413a1-6e8e-48f8-a5e6-490a34e1f955.jpg?v=1764748762\" usemap=\"#_sdmap_7\"> <img decoding=\"async\" style=\"display: block; width: 100.0%; height: auto;\" src=\"https:\/\/cdn.shopify.com\/s\/files\/1\/0939\/8036\/0983\/files\/d2526099-1564-4b94-814c-2c712274ddf5.jpg?v=1764748765\" usemap=\"#_sdmap_8\"> <img decoding=\"async\" style=\"display: block; width: 100.0%; height: auto;\" src=\"https:\/\/cdn.shopify.com\/s\/files\/1\/0939\/8036\/0983\/files\/48b3e396-9473-4695-85a3-9f6d670c7022.jpg?v=1764748768\" usemap=\"#_sdmap_9\"> <img decoding=\"async\" style=\"display: block; width: 100.0%; height: auto;\" src=\"https:\/\/cdn.shopify.com\/s\/files\/1\/0939\/8036\/0983\/files\/64699736-cb3d-4c96-b8ce-6e83336dcac1.jpg?v=1764748770\" usemap=\"#_sdmap_10\"> <img decoding=\"async\" style=\"display: block; width: 100.0%; height: auto;\" src=\"https:\/\/cdn.shopify.com\/s\/files\/1\/0939\/8036\/0983\/files\/80c798f1-0a4d-4dca-9b7e-e2c8e754f617.jpg?v=1764748772\" usemap=\"#_sdmap_11\"> <img decoding=\"async\" style=\"display: block; width: 100.0%; height: auto;\" src=\"https:\/\/cdn.shopify.com\/s\/files\/1\/0939\/8036\/0983\/files\/8e1d4172-e6af-47ae-88ec-337bba122136.jpg?v=1764748775\" usemap=\"#_sdmap_12\"> <img decoding=\"async\" style=\"display: block; width: 100.0%; height: auto;\" src=\"https:\/\/cdn.shopify.com\/s\/files\/1\/0939\/8036\/0983\/files\/ac77be62-95c0-4d74-9920-70aa84559c5e.jpg?v=1764748777\" usemap=\"#_sdmap_13\"> <img decoding=\"async\" style=\"display: block; width: 100.0%; height: auto;\" src=\"https:\/\/cdn.shopify.com\/s\/files\/1\/0939\/8036\/0983\/files\/79533f4c-29e6-4983-a3f3-328838130e09.jpg?v=1764748780\" usemap=\"#_sdmap_14\"> <img decoding=\"async\" style=\"display: block; width: 100.0%; height: auto;\" src=\"https:\/\/cdn.shopify.com\/s\/files\/1\/0939\/8036\/0983\/files\/565cd765-6be6-45ad-8421-e941fd42ebba.jpg?v=1764748782\" usemap=\"#_sdmap_15\"> <img decoding=\"async\" style=\"display: block; width: 100.0%; height: auto;\" src=\"https:\/\/cdn.shopify.com\/s\/files\/1\/0939\/8036\/0983\/files\/8c43f174-3d8e-4d07-b88e-ba2ebcdc8cca.jpg?v=1764748786\" usemap=\"#_sdmap_16\"> <img decoding=\"async\" style=\"display: block; width: 100.0%; height: auto;\" src=\"https:\/\/cdn.shopify.com\/s\/files\/1\/0939\/8036\/0983\/files\/3ea436ce-adcb-435f-9670-69d25a1b2930.jpg?v=1764748789\" usemap=\"#_sdmap_17\"> <img decoding=\"async\" style=\"display: block; width: 100.0%; height: auto;\" src=\"https:\/\/cdn.shopify.com\/s\/files\/1\/0939\/8036\/0983\/files\/882752f6-5623-4170-8408-0ceba892fe9a.jpg?v=1764748792\" usemap=\"#_sdmap_18\"> <img decoding=\"async\" style=\"display: block; width: 100.0%; height: auto;\" src=\"https:\/\/cdn.shopify.com\/s\/files\/1\/0939\/8036\/0983\/files\/6ba26696-fb46-4286-82b7-fef9ec7b11a2.jpg?v=1764748794\" usemap=\"#_sdmap_19\">\n<\/div>","protected":false},"excerpt":{"rendered":"<p>Brand MSTIANQ Movement type Quartz Waterproof OK Moveme [&hellip;]<\/p>\n","protected":false},"featured_media":3158,"comment_status":"open","ping_status":"closed","template":"","meta":[],"product_brand":[],"product_cat":[133,128],"product_tag":[60,55,56,61,57],"class_list":{"0":"post-1344","1":"product","2":"type-product","3":"status-publish","4":"has-post-thumbnail","6":"product_cat-new-shopify-performance-sharing-is-now-turned-on","7":"product_cat-quartz-watches","8":"product_tag-high-aesthetic","9":"product_tag-high-school-student","10":"product_tag-instagram","11":"product_tag-nostalgic-style","12":"product_tag-small-dial","14":"first","15":"instock","16":"sale","17":"shipping-taxable","18":"purchasable","19":"product-type-variable"},"_links":{"self":[{"href":"https:\/\/neiton.com\/fr\/wp-json\/wp\/v2\/product\/1344","targetHints":{"allow":["GET"]}}],"collection":[{"href":"https:\/\/neiton.com\/fr\/wp-json\/wp\/v2\/product"}],"about":[{"href":"https:\/\/neiton.com\/fr\/wp-json\/wp\/v2\/types\/product"}],"replies":[{"embeddable":true,"href":"https:\/\/neiton.com\/fr\/wp-json\/wp\/v2\/comments?post=1344"}],"wp:featuredmedia":[{"embeddable":true,"href":"https:\/\/neiton.com\/fr\/wp-json\/wp\/v2\/media\/3158"}],"wp:attachment":[{"href":"https:\/\/neiton.com\/fr\/wp-json\/wp\/v2\/media?parent=1344"}],"wp:term":[{"taxonomy":"product_brand","embeddable":true,"href":"https:\/\/neiton.com\/fr\/wp-json\/wp\/v2\/product_brand?post=1344"},{"taxonomy":"product_cat","embeddable":true,"href":"https:\/\/neiton.com\/fr\/wp-json\/wp\/v2\/product_cat?post=1344"},{"taxonomy":"product_tag","embeddable":true,"href":"https:\/\/neiton.com\/fr\/wp-json\/wp\/v2\/product_tag?post=1344"}],"curies":[{"name":"wp","href":"https:\/\/api.w.org\/{rel}","templated":true}]}}