{"id":1383,"date":"2026-02-28T15:28:42","date_gmt":"2026-02-28T07:28:42","guid":{"rendered":"https:\/\/neiton.com\/product\/mstianq-tis-p24-mens-week-calendar-formal-quartz-watch\/"},"modified":"2026-02-28T15:28:44","modified_gmt":"2026-02-28T07:28:44","slug":"mstianq-tis-p24-mens-week-calendar-formal-quartz-watch","status":"publish","type":"product","link":"https:\/\/neiton.com\/fr\/product\/mstianq-tis-p24-mens-week-calendar-formal-quartz-watch\/","title":{"rendered":"Mstianq TIS-P24 Men&#8217;s Week Calendar Formal Quartz Watch"},"content":{"rendered":"<div id=\"offer-template-0\"><\/div>\n<div style=\"width: 790.0px;\">\n<table>\n<tbody>\n<tr class=\"ant-descriptions-row\">\n<th class=\"ant-descriptions-item-label\" data-spm-anchor-id=\"a261y.7663282.productAttributes.i1.6ecc55a6lgN2z6\">Marque<\/th>\n<td class=\"ant-descriptions-item-content\"><span class=\"field-value\">MSTIANQ<\/span><\/td>\n<th class=\"ant-descriptions-item-label\">Type de mouvement<\/th>\n<td class=\"ant-descriptions-item-content\"><span class=\"field-value\">Quartz<\/span><\/td>\n<\/tr>\n<tr class=\"ant-descriptions-row\">\n<th class=\"ant-descriptions-item-label\">Imperm\u00e9able \u00e0 l'eau<\/th>\n<td class=\"ant-descriptions-item-content\"><span class=\"field-value\">OK<\/span><\/td>\n<th class=\"ant-descriptions-item-label\">Marque de mouvement<\/th>\n<td class=\"ant-descriptions-item-content\"><span class=\"field-value\">Autres<\/span><\/td>\n<\/tr>\n<tr class=\"ant-descriptions-row\">\n<th class=\"ant-descriptions-item-label\">Mat\u00e9riau de la sangle<\/th>\n<td class=\"ant-descriptions-item-content\"><span class=\"field-value\">Leather<\/span><\/td>\n<th class=\"ant-descriptions-item-label\">Special features<\/th>\n<td class=\"ant-descriptions-item-content\"><span class=\"field-value\">Luminous, Calendar, Week Display<\/span><\/td>\n<\/tr>\n<tr class=\"ant-descriptions-row\">\n<th class=\"ant-descriptions-item-label\">Mat\u00e9riau de l'\u00e9tui<\/th>\n<td class=\"ant-descriptions-item-content\"><span class=\"field-value\">Alliage<\/span><\/td>\n<th class=\"ant-descriptions-item-label\">Type d'affichage<\/th>\n<td class=\"ant-descriptions-item-content\"><span class=\"field-value\">Pointeur<\/span><\/td>\n<\/tr>\n<tr class=\"ant-descriptions-row\">\n<th class=\"ant-descriptions-item-label\">Import or not<\/th>\n<td class=\"ant-descriptions-item-content\"><span class=\"field-value\">No<\/span><\/td>\n<th class=\"ant-descriptions-item-label\">Mod\u00e8le<\/th>\n<td class=\"ant-descriptions-item-content\"><span class=\"field-value\">TIS-P24<\/span><\/td>\n<\/tr>\n<tr class=\"ant-descriptions-row\">\n<th class=\"ant-descriptions-item-label\">LOGO imprim\u00e9<\/th>\n<td class=\"ant-descriptions-item-content\"><span class=\"field-value\">OK<\/span><\/td>\n<th class=\"ant-descriptions-item-label\">Traitement personnalis\u00e9<\/th>\n<td class=\"ant-descriptions-item-content\"><span class=\"field-value\">No<\/span><\/td>\n<\/tr>\n<tr class=\"ant-descriptions-row\">\n<th class=\"ant-descriptions-item-label\">Population concern\u00e9e<\/th>\n<td class=\"ant-descriptions-item-content\"><span class=\"field-value\">Homme<\/span><\/td>\n<th class=\"ant-descriptions-item-label\">Style<\/th>\n<td class=\"ant-descriptions-item-content\"><span class=\"field-value\">Entreprises<\/span><\/td>\n<\/tr>\n<tr class=\"ant-descriptions-row\">\n<th class=\"ant-descriptions-item-label\">Mod\u00e8le de mouvement<\/th>\n<td class=\"ant-descriptions-item-content\"><span class=\"field-value\">Autres<\/span><\/td>\n<th class=\"ant-descriptions-item-label\">Performance en mati\u00e8re d'\u00e9tanch\u00e9it\u00e9<\/th>\n<td class=\"ant-descriptions-item-content\"><span class=\"field-value\">10m<\/span><\/td>\n<\/tr>\n<tr class=\"ant-descriptions-row\">\n<th class=\"ant-descriptions-item-label\">\u00c9paisseur<\/th>\n<td class=\"ant-descriptions-item-content\"><span class=\"field-value\">10mm<\/span><\/td>\n<th class=\"ant-descriptions-item-label\">Diam\u00e8tre du cadran<\/th>\n<td class=\"ant-descriptions-item-content\"><span class=\"field-value\">42mm<\/span><\/td>\n<\/tr>\n<tr class=\"ant-descriptions-row\">\n<th class=\"ant-descriptions-item-label\">Type de couronne<\/th>\n<td class=\"ant-descriptions-item-content\"><span class=\"field-value\">Couronne en spirale<\/span><\/td>\n<th class=\"ant-descriptions-item-label\">Type de base de la table<\/th>\n<td class=\"ant-descriptions-item-content\"><span class=\"field-value\">Ordinaire<\/span><\/td>\n<\/tr>\n<tr class=\"ant-descriptions-row\">\n<th class=\"ant-descriptions-item-label\">Mat\u00e9riau du miroir<\/th>\n<td class=\"ant-descriptions-item-content\"><span class=\"field-value\">Miroir en verre renforc\u00e9 de min\u00e9raux<\/span><\/td>\n<th class=\"ant-descriptions-item-label\">Boucle de montre<\/th>\n<td class=\"ant-descriptions-item-content\"><span class=\"field-value\">Battery buckle pin buckle<\/span><\/td>\n<\/tr>\n<tr class=\"ant-descriptions-row\">\n<th class=\"ant-descriptions-item-label\">Mat\u00e9riau de la boucle<\/th>\n<td class=\"ant-descriptions-item-content\"><span class=\"field-value\">Acier inoxydable<\/span><\/td>\n<th class=\"ant-descriptions-item-label\">Forme du cadran<\/th>\n<td class=\"ant-descriptions-item-content\"><span class=\"field-value\">ronde<\/span><\/td>\n<\/tr>\n<\/tbody>\n<\/table>\n<\/div>\n<div style=\"width: 790.0px;\">\n<img decoding=\"async\" style=\"display: block; width: 100.0%; height: auto;\" src=\"https:\/\/cdn.shopify.com\/s\/files\/1\/0939\/8036\/0983\/files\/c215033f-a20f-4d3f-b545-2d0d49bd9871.jpg?v=1764748409\" usemap=\"#_sdmap_1\"> <img decoding=\"async\" style=\"display: block; width: 100.0%; height: auto;\" src=\"https:\/\/cdn.shopify.com\/s\/files\/1\/0939\/8036\/0983\/files\/8177855b-f8be-4af4-bfb3-a4b60fac0c63.jpg?v=1764748411\" usemap=\"#_sdmap_2\"> <img decoding=\"async\" style=\"display: block; width: 100.0%; height: auto;\" src=\"https:\/\/cdn.shopify.com\/s\/files\/1\/0939\/8036\/0983\/files\/31fd23ff-df1c-4057-999c-7da923cd9177.jpg?v=1764748414\" usemap=\"#_sdmap_3\"> <img decoding=\"async\" style=\"display: block; width: 100.0%; height: auto;\" src=\"https:\/\/cdn.shopify.com\/s\/files\/1\/0939\/8036\/0983\/files\/23a17014-6a35-4761-b464-0a9dc91eb968.jpg?v=1764748416\" usemap=\"#_sdmap_4\"> <img decoding=\"async\" style=\"display: block; width: 100.0%; height: auto;\" src=\"https:\/\/cdn.shopify.com\/s\/files\/1\/0939\/8036\/0983\/files\/8d000cf5-69bd-4132-9a34-480c10dbede4.jpg?v=1764748419\" usemap=\"#_sdmap_5\">\n<\/div>","protected":false},"excerpt":{"rendered":"<p>Brand MSTIANQ Movement type Quartz Waterproof OK Moveme [&hellip;]<\/p>\n","protected":false},"featured_media":3274,"comment_status":"open","ping_status":"closed","template":"","meta":[],"product_brand":[],"product_cat":[133,128],"product_tag":[68,69,38],"class_list":{"0":"post-1383","1":"product","2":"type-product","3":"status-publish","4":"has-post-thumbnail","6":"product_cat-new-shopify-performance-sharing-is-now-turned-on","7":"product_cat-quartz-watches","8":"product_tag-mechanical-watches","9":"product_tag-mens-watches","10":"product_tag-quartz-watches","12":"first","13":"instock","14":"sale","15":"shipping-taxable","16":"purchasable","17":"product-type-variable"},"_links":{"self":[{"href":"https:\/\/neiton.com\/fr\/wp-json\/wp\/v2\/product\/1383","targetHints":{"allow":["GET"]}}],"collection":[{"href":"https:\/\/neiton.com\/fr\/wp-json\/wp\/v2\/product"}],"about":[{"href":"https:\/\/neiton.com\/fr\/wp-json\/wp\/v2\/types\/product"}],"replies":[{"embeddable":true,"href":"https:\/\/neiton.com\/fr\/wp-json\/wp\/v2\/comments?post=1383"}],"wp:featuredmedia":[{"embeddable":true,"href":"https:\/\/neiton.com\/fr\/wp-json\/wp\/v2\/media\/3274"}],"wp:attachment":[{"href":"https:\/\/neiton.com\/fr\/wp-json\/wp\/v2\/media?parent=1383"}],"wp:term":[{"taxonomy":"product_brand","embeddable":true,"href":"https:\/\/neiton.com\/fr\/wp-json\/wp\/v2\/product_brand?post=1383"},{"taxonomy":"product_cat","embeddable":true,"href":"https:\/\/neiton.com\/fr\/wp-json\/wp\/v2\/product_cat?post=1383"},{"taxonomy":"product_tag","embeddable":true,"href":"https:\/\/neiton.com\/fr\/wp-json\/wp\/v2\/product_tag?post=1383"}],"curies":[{"name":"wp","href":"https:\/\/api.w.org\/{rel}","templated":true}]}}