{"id":1513,"date":"2026-02-28T15:29:04","date_gmt":"2026-02-28T07:29:04","guid":{"rendered":"https:\/\/neiton.com\/product\/olika-5013g-womens-ceramic-watch\/"},"modified":"2026-02-28T15:29:04","modified_gmt":"2026-02-28T07:29:04","slug":"olika-5013g-womens-ceramic-watch","status":"publish","type":"product","link":"https:\/\/neiton.com\/fr\/product\/olika-5013g-womens-ceramic-watch\/","title":{"rendered":"OLIKA 5013G Women&#8217;s Ceramic Watch"},"content":{"rendered":"<table>\n<tbody>\n<tr class=\"ant-descriptions-row\">\n<th class=\"ant-descriptions-item-label\"><span data-spm-anchor-id=\"a261y.7663282.productAttributes.i1.1b394d97lDQP08\">Marque<\/span><\/th>\n<td class=\"ant-descriptions-item-content\"><span class=\"field-value\">olika<\/span><\/td>\n<th class=\"ant-descriptions-item-label\">Type de mouvement<\/th>\n<td class=\"ant-descriptions-item-content\"><span class=\"field-value\">Quartz<\/span><\/td>\n<\/tr>\n<tr class=\"ant-descriptions-row\">\n<th class=\"ant-descriptions-item-label\">Imperm\u00e9able \u00e0 l'eau<\/th>\n<td class=\"ant-descriptions-item-content\"><span class=\"field-value\">OK<\/span><\/td>\n<th class=\"ant-descriptions-item-label\">Marque de mouvement<\/th>\n<td class=\"ant-descriptions-item-content\"><span class=\"field-value\">Miyota Citizen City, Japan<\/span><\/td>\n<\/tr>\n<tr class=\"ant-descriptions-row\">\n<th class=\"ant-descriptions-item-label\">Mat\u00e9riau de la sangle<\/th>\n<td class=\"ant-descriptions-item-content\"><span class=\"field-value\">Ceramic<\/span><\/td>\n<th class=\"ant-descriptions-item-label\">Special features<\/th>\n<td class=\"ant-descriptions-item-content\"><span class=\"field-value\">Calendar<\/span><\/td>\n<\/tr>\n<tr class=\"ant-descriptions-row\">\n<th class=\"ant-descriptions-item-label\">Mat\u00e9riau de l'\u00e9tui<\/th>\n<td class=\"ant-descriptions-item-content\"><span class=\"field-value\">Ceramic<\/span><\/td>\n<th class=\"ant-descriptions-item-label\">Type d'affichage<\/th>\n<td class=\"ant-descriptions-item-content\"><span class=\"field-value\">Pointeur<\/span><\/td>\n<\/tr>\n<tr class=\"ant-descriptions-row\">\n<th class=\"ant-descriptions-item-label\">Forme du cadran<\/th>\n<td class=\"ant-descriptions-item-content\"><span class=\"field-value\">ronde<\/span><\/td>\n<th class=\"ant-descriptions-item-label\">Mod\u00e8le<\/th>\n<td class=\"ant-descriptions-item-content\"><span class=\"field-value\">5013G<\/span><\/td>\n<\/tr>\n<tr class=\"ant-descriptions-row\">\n<th class=\"ant-descriptions-item-label\">Population concern\u00e9e<\/th>\n<td class=\"ant-descriptions-item-content\"><span class=\"field-value\">Female<\/span><\/td>\n<th class=\"ant-descriptions-item-label\">Style<\/th>\n<td class=\"ant-descriptions-item-content\"><span class=\"field-value\">La mode<\/span><\/td>\n<\/tr>\n<tr class=\"ant-descriptions-row\">\n<th class=\"ant-descriptions-item-label\">Mat\u00e9riau de la boucle<\/th>\n<td class=\"ant-descriptions-item-content\"><span class=\"field-value\">Acier inoxydable<\/span><\/td>\n<th class=\"ant-descriptions-item-label\">Performance en mati\u00e8re d'\u00e9tanch\u00e9it\u00e9<\/th>\n<td class=\"ant-descriptions-item-content\"><span class=\"field-value\">30M<\/span><\/td>\n<\/tr>\n<tr class=\"ant-descriptions-row\">\n<th class=\"ant-descriptions-item-label\">Type de couronne<\/th>\n<td class=\"ant-descriptions-item-content\"><span class=\"field-value\">Flat Top Tapered Crown<\/span><\/td>\n<th class=\"ant-descriptions-item-label\">Mod\u00e8le de mouvement<\/th>\n<td class=\"ant-descriptions-item-content\"><span class=\"field-value\">8015<\/span><\/td>\n<\/tr>\n<tr class=\"ant-descriptions-row\">\n<th class=\"ant-descriptions-item-label\">\u00c9paisseur<\/th>\n<td class=\"ant-descriptions-item-content\"><span class=\"field-value\">10mm<\/span><\/td>\n<th class=\"ant-descriptions-item-label\">Diam\u00e8tre du cadran<\/th>\n<td class=\"ant-descriptions-item-content\"><span class=\"field-value\">33mm<\/span><\/td>\n<\/tr>\n<tr class=\"ant-descriptions-row\">\n<th class=\"ant-descriptions-item-label\">Type de couronne<\/th>\n<td class=\"ant-descriptions-item-content\"><span class=\"field-value\">Flat Top Tapered Crown<\/span><\/td>\n<th class=\"ant-descriptions-item-label\">Type de base de la table<\/th>\n<td class=\"ant-descriptions-item-content\"><span class=\"field-value\">Ordinaire<\/span><\/td>\n<\/tr>\n<tr class=\"ant-descriptions-row\">\n<th class=\"ant-descriptions-item-label\">Mat\u00e9riau du miroir<\/th>\n<td class=\"ant-descriptions-item-content\"><span class=\"field-value\">Miroir en verre renforc\u00e9 de min\u00e9raux<\/span><\/td>\n<th class=\"ant-descriptions-item-label\">Boucle de montre<\/th>\n<td class=\"ant-descriptions-item-content\"><span class=\"field-value\">Bouton-pression double papillon<\/span><\/td>\n<\/tr>\n<\/tbody>\n<\/table>","protected":false},"excerpt":{"rendered":"<p>Brand olika Movement type Quartz Waterproof OK Movement [&hellip;]<\/p>\n","protected":false},"featured_media":3383,"comment_status":"open","ping_status":"closed","template":"","meta":[],"product_brand":[],"product_cat":[133,128],"product_tag":[79,32],"class_list":{"0":"post-1513","1":"product","2":"type-product","3":"status-publish","4":"has-post-thumbnail","6":"product_cat-new-shopify-performance-sharing-is-now-turned-on","7":"product_cat-quartz-watches","8":"product_tag-ceramic","9":"product_tag-watch","11":"first","12":"instock","13":"sale","14":"shipping-taxable","15":"purchasable","16":"product-type-simple"},"_links":{"self":[{"href":"https:\/\/neiton.com\/fr\/wp-json\/wp\/v2\/product\/1513","targetHints":{"allow":["GET"]}}],"collection":[{"href":"https:\/\/neiton.com\/fr\/wp-json\/wp\/v2\/product"}],"about":[{"href":"https:\/\/neiton.com\/fr\/wp-json\/wp\/v2\/types\/product"}],"replies":[{"embeddable":true,"href":"https:\/\/neiton.com\/fr\/wp-json\/wp\/v2\/comments?post=1513"}],"wp:featuredmedia":[{"embeddable":true,"href":"https:\/\/neiton.com\/fr\/wp-json\/wp\/v2\/media\/3383"}],"wp:attachment":[{"href":"https:\/\/neiton.com\/fr\/wp-json\/wp\/v2\/media?parent=1513"}],"wp:term":[{"taxonomy":"product_brand","embeddable":true,"href":"https:\/\/neiton.com\/fr\/wp-json\/wp\/v2\/product_brand?post=1513"},{"taxonomy":"product_cat","embeddable":true,"href":"https:\/\/neiton.com\/fr\/wp-json\/wp\/v2\/product_cat?post=1513"},{"taxonomy":"product_tag","embeddable":true,"href":"https:\/\/neiton.com\/fr\/wp-json\/wp\/v2\/product_tag?post=1513"}],"curies":[{"name":"wp","href":"https:\/\/api.w.org\/{rel}","templated":true}]}}