{"id":1515,"date":"2026-02-28T15:29:07","date_gmt":"2026-02-28T07:29:07","guid":{"rendered":"https:\/\/neiton.com\/product\/olika-5110-mens-multi-function-quartz-watch\/"},"modified":"2026-02-28T15:29:11","modified_gmt":"2026-02-28T07:29:11","slug":"olika-5110-mens-multi-function-quartz-watch","status":"publish","type":"product","link":"https:\/\/neiton.com\/fr\/product\/olika-5110-mens-multi-function-quartz-watch\/","title":{"rendered":"Olika 5110 Men&#8217;s Multi-Function Quartz Watch"},"content":{"rendered":"<table style=\"width: 40.1361%; height: 470.203px;\">\n<tbody>\n<tr class=\"ant-descriptions-row\" style=\"height: 22.3906px;\">\n<th class=\"ant-descriptions-item-label\" style=\"width: 21.4563%; height: 22.3906px;\"><span data-spm-anchor-id=\"a261y.7663282.productAttributes.i1.55393046tT12TJ\">Marque<\/span><\/th>\n<td class=\"ant-descriptions-item-content\" style=\"width: 28.235%; height: 22.3906px;\"><span class=\"field-value\">olika<\/span><\/td>\n<th class=\"ant-descriptions-item-label\" style=\"width: 20.216%; height: 22.3906px;\">Type de mouvement<\/th>\n<td class=\"ant-descriptions-item-content\" style=\"width: 30.0926%; height: 22.3906px;\"><span class=\"field-value\">Quartz<\/span><\/td>\n<\/tr>\n<tr class=\"ant-descriptions-row\" style=\"height: 22.3906px;\">\n<th class=\"ant-descriptions-item-label\" style=\"width: 21.4563%; height: 22.3906px;\">Imperm\u00e9able \u00e0 l'eau<\/th>\n<td class=\"ant-descriptions-item-content\" style=\"width: 28.235%; height: 22.3906px;\"><span class=\"field-value\">OK<\/span><\/td>\n<th class=\"ant-descriptions-item-label\" style=\"width: 20.216%; height: 22.3906px;\">Forme du cadran<\/th>\n<td class=\"ant-descriptions-item-content\" style=\"width: 30.0926%; height: 22.3906px;\"><span class=\"field-value\">ronde<\/span><\/td>\n<\/tr>\n<tr class=\"ant-descriptions-row\" style=\"height: 22.3906px;\">\n<th class=\"ant-descriptions-item-label\" style=\"width: 21.4563%; height: 22.3906px;\">Mat\u00e9riau de la sangle<\/th>\n<td class=\"ant-descriptions-item-content\" style=\"width: 28.235%; height: 22.3906px;\"><span class=\"field-value\">Acier inoxydable<\/span><\/td>\n<th class=\"ant-descriptions-item-label\" style=\"width: 20.216%; height: 22.3906px;\">Special features<\/th>\n<td class=\"ant-descriptions-item-content\" style=\"width: 30.0926%; height: 22.3906px;\"><span class=\"field-value\">Luminous, chronograph, calendar<\/span><\/td>\n<\/tr>\n<tr class=\"ant-descriptions-row\" style=\"height: 22.3906px;\">\n<th class=\"ant-descriptions-item-label\" style=\"width: 21.4563%; height: 22.3906px;\">Mat\u00e9riau de l'\u00e9tui<\/th>\n<td class=\"ant-descriptions-item-content\" style=\"width: 28.235%; height: 22.3906px;\"><span class=\"field-value\">Alliage<\/span><\/td>\n<th class=\"ant-descriptions-item-label\" style=\"width: 20.216%; height: 22.3906px;\">Type d'affichage<\/th>\n<td class=\"ant-descriptions-item-content\" style=\"width: 30.0926%; height: 22.3906px;\"><span class=\"field-value\">Pointeur<\/span><\/td>\n<\/tr>\n<tr class=\"ant-descriptions-row\" style=\"height: 22.3906px;\">\n<th class=\"ant-descriptions-item-label\" style=\"width: 21.4563%; height: 22.3906px;\">Packing specification<\/th>\n<td class=\"ant-descriptions-item-content\" style=\"width: 28.235%; height: 22.3906px;\"><span class=\"field-value\">16*10*3cm<\/span><\/td>\n<th class=\"ant-descriptions-item-label\" style=\"width: 20.216%; height: 22.3906px;\">Mod\u00e8le<\/th>\n<td class=\"ant-descriptions-item-content\" style=\"width: 30.0926%; height: 22.3906px;\"><span class=\"field-value\">5110<\/span><\/td>\n<\/tr>\n<tr class=\"ant-descriptions-row\" style=\"height: 22.3906px;\">\n<th class=\"ant-descriptions-item-label\" style=\"width: 21.4563%; height: 22.3906px;\">Population concern\u00e9e<\/th>\n<td class=\"ant-descriptions-item-content\" style=\"width: 28.235%; height: 22.3906px;\"><span class=\"field-value\">Adult<\/span><\/td>\n<th class=\"ant-descriptions-item-label\" style=\"width: 20.216%; height: 22.3906px;\">Style<\/th>\n<td class=\"ant-descriptions-item-content\" style=\"width: 30.0926%; height: 22.3906px;\"><span class=\"field-value\">Sports<\/span><\/td>\n<\/tr>\n<tr class=\"ant-descriptions-row\" style=\"height: 22.3906px;\">\n<th class=\"ant-descriptions-item-label\" style=\"width: 21.4563%; height: 22.3906px;\">Mat\u00e9riau de la boucle<\/th>\n<td class=\"ant-descriptions-item-content\" style=\"width: 28.235%; height: 22.3906px;\"><span class=\"field-value\">Acier inoxydable<\/span><\/td>\n<th class=\"ant-descriptions-item-label\" style=\"width: 20.216%; height: 22.3906px;\">Performance en mati\u00e8re d'\u00e9tanch\u00e9it\u00e9<\/th>\n<td class=\"ant-descriptions-item-content\" style=\"width: 30.0926%; height: 22.3906px;\"><span class=\"field-value\">30M<\/span><\/td>\n<\/tr>\n<tr class=\"ant-descriptions-row\" style=\"height: 22.3906px;\">\n<th class=\"ant-descriptions-item-label\" style=\"width: 21.4563%; height: 22.3906px;\">Origine du mouvement<\/th>\n<td class=\"ant-descriptions-item-content\" style=\"width: 28.235%; height: 22.3906px;\"><span class=\"field-value\">Chine<\/span><\/td>\n<th class=\"ant-descriptions-item-label\" style=\"width: 20.216%; height: 22.3906px;\">Boucle de montre<\/th>\n<td class=\"ant-descriptions-item-content\" style=\"width: 30.0926%; height: 22.3906px;\"><span class=\"field-value\">Bouton-pression double papillon<\/span><\/td>\n<\/tr>\n<tr class=\"ant-descriptions-row\" style=\"height: 22.3906px;\">\n<th class=\"ant-descriptions-item-label\" style=\"width: 21.4563%; height: 22.3906px;\">\u00c9paisseur<\/th>\n<td class=\"ant-descriptions-item-content\" style=\"width: 28.235%; height: 22.3906px;\"><span class=\"field-value\">11 mm<\/span><\/td>\n<th class=\"ant-descriptions-item-label\" style=\"width: 20.216%; height: 22.3906px;\">Diam\u00e8tre du cadran<\/th>\n<td class=\"ant-descriptions-item-content\" style=\"width: 30.0926%; height: 22.3906px;\"><span class=\"field-value\">41mm<\/span><\/td>\n<\/tr>\n<tr class=\"ant-descriptions-row\" style=\"height: 22.3906px;\">\n<th class=\"ant-descriptions-item-label\" style=\"width: 21.4563%; height: 22.3906px;\">Mat\u00e9riau du miroir<\/th>\n<td class=\"ant-descriptions-item-content\" style=\"width: 28.235%; height: 22.3906px;\"><span class=\"field-value\">Miroir en verre renforc\u00e9 de min\u00e9raux<\/span><\/td>\n<th class=\"ant-descriptions-item-label\" style=\"width: 20.216%; height: 22.3906px;\">\u00a0<\/th>\n<td class=\"ant-descriptions-item-content\" style=\"width: 30.0926%; height: 22.3906px;\">\u00a0<\/td>\n<\/tr>\n<\/tbody>\n<\/table>","protected":false},"excerpt":{"rendered":"<p>Brand olika Movement type Quartz Waterproof OK Dial sha [&hellip;]<\/p>\n","protected":false},"featured_media":3389,"comment_status":"open","ping_status":"closed","template":"","meta":[],"product_brand":[],"product_cat":[133,128],"product_tag":[80,74,51,81],"class_list":{"0":"post-1515","1":"product","2":"type-product","3":"status-publish","4":"has-post-thumbnail","6":"product_cat-new-shopify-performance-sharing-is-now-turned-on","7":"product_cat-quartz-watches","8":"product_tag-luminous","9":"product_tag-multifunctional","10":"product_tag-quartz-watch","11":"product_tag-stainless-steel","13":"first","14":"instock","15":"sale","16":"shipping-taxable","17":"purchasable","18":"product-type-variable"},"_links":{"self":[{"href":"https:\/\/neiton.com\/fr\/wp-json\/wp\/v2\/product\/1515","targetHints":{"allow":["GET"]}}],"collection":[{"href":"https:\/\/neiton.com\/fr\/wp-json\/wp\/v2\/product"}],"about":[{"href":"https:\/\/neiton.com\/fr\/wp-json\/wp\/v2\/types\/product"}],"replies":[{"embeddable":true,"href":"https:\/\/neiton.com\/fr\/wp-json\/wp\/v2\/comments?post=1515"}],"wp:featuredmedia":[{"embeddable":true,"href":"https:\/\/neiton.com\/fr\/wp-json\/wp\/v2\/media\/3389"}],"wp:attachment":[{"href":"https:\/\/neiton.com\/fr\/wp-json\/wp\/v2\/media?parent=1515"}],"wp:term":[{"taxonomy":"product_brand","embeddable":true,"href":"https:\/\/neiton.com\/fr\/wp-json\/wp\/v2\/product_brand?post=1515"},{"taxonomy":"product_cat","embeddable":true,"href":"https:\/\/neiton.com\/fr\/wp-json\/wp\/v2\/product_cat?post=1515"},{"taxonomy":"product_tag","embeddable":true,"href":"https:\/\/neiton.com\/fr\/wp-json\/wp\/v2\/product_tag?post=1515"}],"curies":[{"name":"wp","href":"https:\/\/api.w.org\/{rel}","templated":true}]}}