{"id":1525,"date":"2026-02-28T15:29:08","date_gmt":"2026-02-28T07:29:08","guid":{"rendered":"https:\/\/neiton.com\/product\/olika-5152-womens-magnetic-buckle-quartz-watch\/"},"modified":"2026-02-28T15:29:11","modified_gmt":"2026-02-28T07:29:11","slug":"olika-5152-womens-magnetic-buckle-quartz-watch","status":"publish","type":"product","link":"https:\/\/neiton.com\/fr\/product\/olika-5152-womens-magnetic-buckle-quartz-watch\/","title":{"rendered":"OLIKA 5152 Women&#8217;s Magnetic Buckle Quartz Watch"},"content":{"rendered":"<table>\n<tbody>\n<tr class=\"ant-descriptions-row\">\n<th class=\"ant-descriptions-item-label\"><span data-spm-anchor-id=\"a261y.7663282.productAttributes.i1.6e1e78c9smWKXH\">Marque<\/span><\/th>\n<td class=\"ant-descriptions-item-content\"><span class=\"field-value\">olika<\/span><\/td>\n<th class=\"ant-descriptions-item-label\">Type de mouvement<\/th>\n<td class=\"ant-descriptions-item-content\"><span class=\"field-value\">Quartz<\/span><\/td>\n<\/tr>\n<tr class=\"ant-descriptions-row\">\n<th class=\"ant-descriptions-item-label\">Imperm\u00e9able \u00e0 l'eau<\/th>\n<td class=\"ant-descriptions-item-content\"><span class=\"field-value\">OK<\/span><\/td>\n<th class=\"ant-descriptions-item-label\">Marque de mouvement<\/th>\n<td class=\"ant-descriptions-item-content\"><span class=\"field-value\">Seagull<\/span><\/td>\n<\/tr>\n<tr class=\"ant-descriptions-row\">\n<th class=\"ant-descriptions-item-label\">Mat\u00e9riau de la sangle<\/th>\n<td class=\"ant-descriptions-item-content\"><span class=\"field-value\">Acier inoxydable<\/span><\/td>\n<th class=\"ant-descriptions-item-label\">Special features<\/th>\n<td class=\"ant-descriptions-item-content\"><span class=\"field-value\">Decoration, Luminous<\/span><\/td>\n<\/tr>\n<tr class=\"ant-descriptions-row\">\n<th class=\"ant-descriptions-item-label\">Mat\u00e9riau de l'\u00e9tui<\/th>\n<td class=\"ant-descriptions-item-content\"><span class=\"field-value\">Alliage<\/span><\/td>\n<th class=\"ant-descriptions-item-label\">Type d'affichage<\/th>\n<td class=\"ant-descriptions-item-content\"><span class=\"field-value\">Pointeur<\/span><\/td>\n<\/tr>\n<tr class=\"ant-descriptions-row\">\n<th class=\"ant-descriptions-item-label\">Forme du cadran<\/th>\n<td class=\"ant-descriptions-item-content\"><span class=\"field-value\">ronde<\/span><\/td>\n<th class=\"ant-descriptions-item-label\">Mod\u00e8le<\/th>\n<td class=\"ant-descriptions-item-content\"><span class=\"field-value\">5152<\/span><\/td>\n<\/tr>\n<tr class=\"ant-descriptions-row\">\n<th class=\"ant-descriptions-item-label\">Population concern\u00e9e<\/th>\n<td class=\"ant-descriptions-item-content\"><span class=\"field-value\">Female<\/span><\/td>\n<th class=\"ant-descriptions-item-label\">Style<\/th>\n<td class=\"ant-descriptions-item-content\"><span class=\"field-value\">Leisure<\/span><\/td>\n<\/tr>\n<tr class=\"ant-descriptions-row\">\n<th class=\"ant-descriptions-item-label\">Mat\u00e9riau de la boucle<\/th>\n<td class=\"ant-descriptions-item-content\"><span class=\"field-value\">Acier inoxydable<\/span><\/td>\n<th class=\"ant-descriptions-item-label\">Performance en mati\u00e8re d'\u00e9tanch\u00e9it\u00e9<\/th>\n<td class=\"ant-descriptions-item-content\"><span class=\"field-value\">30M<\/span><\/td>\n<\/tr>\n<tr class=\"ant-descriptions-row\">\n<th class=\"ant-descriptions-item-label\">\u00c9paisseur<\/th>\n<td class=\"ant-descriptions-item-content\"><span class=\"field-value\">8.5mm<\/span><\/td>\n<th class=\"ant-descriptions-item-label\">Diam\u00e8tre du cadran<\/th>\n<td class=\"ant-descriptions-item-content\"><span class=\"field-value\">32mm<\/span><\/td>\n<\/tr>\n<tr class=\"ant-descriptions-row\">\n<th class=\"ant-descriptions-item-label\">Type de couronne<\/th>\n<td class=\"ant-descriptions-item-content\"><span class=\"field-value\">Watch Crown Protector, Bridge Guard<\/span><\/td>\n<th class=\"ant-descriptions-item-label\">Type de base de la table<\/th>\n<td class=\"ant-descriptions-item-content\"><span class=\"field-value\">Ordinaire<\/span><\/td>\n<\/tr>\n<tr class=\"ant-descriptions-row\">\n<th class=\"ant-descriptions-item-label\">Mat\u00e9riau du miroir<\/th>\n<td class=\"ant-descriptions-item-content\"><span class=\"field-value\">Miroir en verre renforc\u00e9 de min\u00e9raux<\/span><\/td>\n<th class=\"ant-descriptions-item-label\">Boucle de montre<\/th>\n<td class=\"ant-descriptions-item-content\"><span class=\"field-value\">Vachette Clasp<\/span><\/td>\n<\/tr>\n<\/tbody>\n<\/table>","protected":false},"excerpt":{"rendered":"<p>Brand olika Movement type Quartz Waterproof OK Movement [&hellip;]<\/p>\n","protected":false},"featured_media":3403,"comment_status":"open","ping_status":"closed","template":"","meta":[],"product_brand":[],"product_cat":[133,128],"product_tag":[32],"class_list":{"0":"post-1525","1":"product","2":"type-product","3":"status-publish","4":"has-post-thumbnail","6":"product_cat-new-shopify-performance-sharing-is-now-turned-on","7":"product_cat-quartz-watches","8":"product_tag-watch","10":"first","11":"instock","12":"sale","13":"shipping-taxable","14":"purchasable","15":"product-type-variable"},"_links":{"self":[{"href":"https:\/\/neiton.com\/fr\/wp-json\/wp\/v2\/product\/1525","targetHints":{"allow":["GET"]}}],"collection":[{"href":"https:\/\/neiton.com\/fr\/wp-json\/wp\/v2\/product"}],"about":[{"href":"https:\/\/neiton.com\/fr\/wp-json\/wp\/v2\/types\/product"}],"replies":[{"embeddable":true,"href":"https:\/\/neiton.com\/fr\/wp-json\/wp\/v2\/comments?post=1525"}],"wp:featuredmedia":[{"embeddable":true,"href":"https:\/\/neiton.com\/fr\/wp-json\/wp\/v2\/media\/3403"}],"wp:attachment":[{"href":"https:\/\/neiton.com\/fr\/wp-json\/wp\/v2\/media?parent=1525"}],"wp:term":[{"taxonomy":"product_brand","embeddable":true,"href":"https:\/\/neiton.com\/fr\/wp-json\/wp\/v2\/product_brand?post=1525"},{"taxonomy":"product_cat","embeddable":true,"href":"https:\/\/neiton.com\/fr\/wp-json\/wp\/v2\/product_cat?post=1525"},{"taxonomy":"product_tag","embeddable":true,"href":"https:\/\/neiton.com\/fr\/wp-json\/wp\/v2\/product_tag?post=1525"}],"curies":[{"name":"wp","href":"https:\/\/api.w.org\/{rel}","templated":true}]}}