{"id":2106,"date":"2026-02-28T15:30:45","date_gmt":"2026-02-28T07:30:45","guid":{"rendered":"https:\/\/neiton.com\/product\/x-geqck-1106-mens-retro-quartz-wrist-watch\/"},"modified":"2026-02-28T15:30:46","modified_gmt":"2026-02-28T07:30:46","slug":"x-geqck-1106-mens-retro-quartz-wrist-watch","status":"publish","type":"product","link":"https:\/\/neiton.com\/fr\/product\/x-geqck-1106-mens-retro-quartz-wrist-watch\/","title":{"rendered":"X-GEQCK 1106 Men&#8217;s retro Quartz Wrist Watch"},"content":{"rendered":"<div id=\"offer-template-0\"><\/div>\n<div style=\"width: 790.0px;\">\n<table>\n<tbody>\n<tr class=\"ant-descriptions-row\">\n<th class=\"ant-descriptions-item-label\" data-spm-anchor-id=\"a261y.7663282.productAttributes.i1.45bb7591FKSlnA\">Marque<\/th>\n<td class=\"ant-descriptions-item-content\"><span class=\"field-value\">X-GEQCK...<\/span><\/td>\n<th class=\"ant-descriptions-item-label\">Type de mouvement<\/th>\n<td class=\"ant-descriptions-item-content\"><span class=\"field-value\">Quartz<\/span><\/td>\n<\/tr>\n<tr class=\"ant-descriptions-row\">\n<th class=\"ant-descriptions-item-label\">Imperm\u00e9able \u00e0 l'eau<\/th>\n<td class=\"ant-descriptions-item-content\"><span class=\"field-value\">OK<\/span><\/td>\n<th class=\"ant-descriptions-item-label\">Marque de mouvement<\/th>\n<td class=\"ant-descriptions-item-content\"><span class=\"field-value\">Quartz<\/span><\/td>\n<\/tr>\n<tr class=\"ant-descriptions-row\">\n<th class=\"ant-descriptions-item-label\">Mat\u00e9riau de la sangle<\/th>\n<td class=\"ant-descriptions-item-content\"><span class=\"field-value\">Artificial Leather<\/span><\/td>\n<th class=\"ant-descriptions-item-label\">Special features<\/th>\n<td class=\"ant-descriptions-item-content\"><span class=\"field-value\">Luminous, Calendar<\/span><\/td>\n<\/tr>\n<tr class=\"ant-descriptions-row\">\n<th class=\"ant-descriptions-item-label\">Mat\u00e9riau de l'\u00e9tui<\/th>\n<td class=\"ant-descriptions-item-content\"><span class=\"field-value\">Alliage<\/span><\/td>\n<th class=\"ant-descriptions-item-label\">Type d'affichage<\/th>\n<td class=\"ant-descriptions-item-content\"><span class=\"field-value\">Pointeur<\/span><\/td>\n<\/tr>\n<tr class=\"ant-descriptions-row\">\n<th class=\"ant-descriptions-item-label\">Import or not<\/th>\n<td class=\"ant-descriptions-item-content\"><span class=\"field-value\">No<\/span><\/td>\n<th class=\"ant-descriptions-item-label\">Mod\u00e8le<\/th>\n<td class=\"ant-descriptions-item-content\"><span class=\"field-value\">1106<\/span><\/td>\n<\/tr>\n<tr class=\"ant-descriptions-row\">\n<th class=\"ant-descriptions-item-label\">LOGO imprim\u00e9<\/th>\n<td class=\"ant-descriptions-item-content\"><span class=\"field-value\">OK<\/span><\/td>\n<th class=\"ant-descriptions-item-label\">Traitement personnalis\u00e9<\/th>\n<td class=\"ant-descriptions-item-content\"><span class=\"field-value\">Oui<\/span><\/td>\n<\/tr>\n<tr class=\"ant-descriptions-row\">\n<th class=\"ant-descriptions-item-label\">Population concern\u00e9e<\/th>\n<td class=\"ant-descriptions-item-content\"><span class=\"field-value\">Homme<\/span><\/td>\n<th class=\"ant-descriptions-item-label\">Style<\/th>\n<td class=\"ant-descriptions-item-content\"><span class=\"field-value\">Retro<\/span><\/td>\n<\/tr>\n<tr class=\"ant-descriptions-row\">\n<th class=\"ant-descriptions-item-label\">Mod\u00e8le de mouvement<\/th>\n<td class=\"ant-descriptions-item-content\"><span class=\"field-value\">Quartz<\/span><\/td>\n<th class=\"ant-descriptions-item-label\">Performance en mati\u00e8re d'\u00e9tanch\u00e9it\u00e9<\/th>\n<td class=\"ant-descriptions-item-content\"><span class=\"field-value\">10m<\/span><\/td>\n<\/tr>\n<tr class=\"ant-descriptions-row\">\n<th class=\"ant-descriptions-item-label\">\u00c9paisseur<\/th>\n<td class=\"ant-descriptions-item-content\"><span class=\"field-value\">13mm<\/span><\/td>\n<th class=\"ant-descriptions-item-label\">Diam\u00e8tre du cadran<\/th>\n<td class=\"ant-descriptions-item-content\"><span class=\"field-value\">45mm<\/span><\/td>\n<\/tr>\n<tr class=\"ant-descriptions-row\">\n<th class=\"ant-descriptions-item-label\">Type de couronne<\/th>\n<td class=\"ant-descriptions-item-content\"><span class=\"field-value\">Couronne en spirale<\/span><\/td>\n<th class=\"ant-descriptions-item-label\">Type de base de la table<\/th>\n<td class=\"ant-descriptions-item-content\"><span class=\"field-value\">Ordinaire<\/span><\/td>\n<\/tr>\n<tr class=\"ant-descriptions-row\">\n<th class=\"ant-descriptions-item-label\">Mat\u00e9riau du miroir<\/th>\n<td class=\"ant-descriptions-item-content\"><span class=\"field-value\">Quartz Glass Mirror<\/span><\/td>\n<th class=\"ant-descriptions-item-label\">Boucle de montre<\/th>\n<td class=\"ant-descriptions-item-content\"><span class=\"field-value\">Battery buckle pin buckle<\/span><\/td>\n<\/tr>\n<tr class=\"ant-descriptions-row\">\n<th class=\"ant-descriptions-item-label\">Mat\u00e9riau de la boucle<\/th>\n<td class=\"ant-descriptions-item-content\"><span class=\"field-value\">Acier inoxydable<\/span><\/td>\n<th class=\"ant-descriptions-item-label\">Forme du cadran<\/th>\n<td class=\"ant-descriptions-item-content\"><span class=\"field-value\">ronde<\/span><\/td>\n<\/tr>\n<\/tbody>\n<\/table>\n<\/div>\n<div style=\"width: 790.0px;\">\n<img decoding=\"async\" style=\"display: block; width: 100.0%; height: auto;\" src=\"https:\/\/cdn.shopify.com\/s\/files\/1\/0939\/8036\/0983\/files\/92ce5bff-7edc-4b41-92cd-354ac88b6a94.jpg?v=1764748842\" usemap=\"#_sdmap_4\"> <img decoding=\"async\" style=\"display: block; width: 100.0%; height: auto;\" src=\"https:\/\/cdn.shopify.com\/s\/files\/1\/0939\/8036\/0983\/files\/3e7b1293-ba3d-4f28-b79a-d6c7a1f0178f.jpg?v=1764748845\" usemap=\"#_sdmap_5\"> <img decoding=\"async\" style=\"display: block; width: 100.0%; height: auto;\" src=\"https:\/\/cdn.shopify.com\/s\/files\/1\/0939\/8036\/0983\/files\/5bb0ab10-cf08-4368-9a3d-a1f9523790f6.jpg?v=1764748848\" usemap=\"#_sdmap_6\"> <img decoding=\"async\" style=\"display: block; width: 100.0%; height: auto;\" src=\"https:\/\/cdn.shopify.com\/s\/files\/1\/0939\/8036\/0983\/files\/935b859c-8ae2-44cf-9382-9f58c3e0f930.jpg?v=1764748851\" usemap=\"#_sdmap_7\"> <img decoding=\"async\" style=\"display: block; width: 100.0%; height: auto;\" src=\"https:\/\/cdn.shopify.com\/s\/files\/1\/0939\/8036\/0983\/files\/7d2ba4cb-499f-471a-8ce3-314e4d70bc40.jpg?v=1764748853\" usemap=\"#_sdmap_8\"> <img decoding=\"async\" style=\"display: block; width: 100.0%; height: auto;\" src=\"https:\/\/cdn.shopify.com\/s\/files\/1\/0939\/8036\/0983\/files\/5d66e642-a2a9-455f-996c-4ba9ef4bf2ba.jpg?v=1764748856\" usemap=\"#_sdmap_9\">\n<\/div>","protected":false},"excerpt":{"rendered":"<p>Brand X-GEQCK.. Movement type Quartz Waterproof OK Move [&hellip;]<\/p>\n","protected":false},"featured_media":4142,"comment_status":"open","ping_status":"closed","template":"","meta":[],"product_brand":[],"product_cat":[133,128],"product_tag":[85,76,116,115,51],"class_list":{"0":"post-2106","1":"product","2":"type-product","3":"status-publish","4":"has-post-thumbnail","6":"product_cat-new-shopify-performance-sharing-is-now-turned-on","7":"product_cat-quartz-watches","8":"product_tag-fully-automatic","9":"product_tag-large-dial","10":"product_tag-new-concept","11":"product_tag-non-mechanical","12":"product_tag-quartz-watch","14":"first","15":"instock","16":"sale","17":"shipping-taxable","18":"purchasable","19":"product-type-variable"},"_links":{"self":[{"href":"https:\/\/neiton.com\/fr\/wp-json\/wp\/v2\/product\/2106","targetHints":{"allow":["GET"]}}],"collection":[{"href":"https:\/\/neiton.com\/fr\/wp-json\/wp\/v2\/product"}],"about":[{"href":"https:\/\/neiton.com\/fr\/wp-json\/wp\/v2\/types\/product"}],"replies":[{"embeddable":true,"href":"https:\/\/neiton.com\/fr\/wp-json\/wp\/v2\/comments?post=2106"}],"wp:featuredmedia":[{"embeddable":true,"href":"https:\/\/neiton.com\/fr\/wp-json\/wp\/v2\/media\/4142"}],"wp:attachment":[{"href":"https:\/\/neiton.com\/fr\/wp-json\/wp\/v2\/media?parent=2106"}],"wp:term":[{"taxonomy":"product_brand","embeddable":true,"href":"https:\/\/neiton.com\/fr\/wp-json\/wp\/v2\/product_brand?post=2106"},{"taxonomy":"product_cat","embeddable":true,"href":"https:\/\/neiton.com\/fr\/wp-json\/wp\/v2\/product_cat?post=2106"},{"taxonomy":"product_tag","embeddable":true,"href":"https:\/\/neiton.com\/fr\/wp-json\/wp\/v2\/product_tag?post=2106"}],"curies":[{"name":"wp","href":"https:\/\/api.w.org\/{rel}","templated":true}]}}