{"id":2145,"date":"2026-02-28T15:30:52","date_gmt":"2026-02-28T07:30:52","guid":{"rendered":"https:\/\/neiton.com\/product\/x-geqck-drl4-mens-chronograph-quartz-wristwatch\/"},"modified":"2026-03-15T15:07:35","modified_gmt":"2026-03-15T07:07:35","slug":"x-geqck-drl4-mens-chronograph-quartz-wristwatch","status":"publish","type":"product","link":"https:\/\/neiton.com\/fr\/product\/x-geqck-drl4-mens-chronograph-quartz-wristwatch\/","title":{"rendered":"X-GEQCK DRL4 Montre-bracelet chronographe \u00e0 quartz pour hommes"},"content":{"rendered":"<div id=\"offer-template-0\"><\/div>\n<div style=\"width: 790.0px;\">\n<table>\n<tbody>\n<tr class=\"ant-descriptions-row\">\n<th class=\"ant-descriptions-item-label\"><span data-spm-anchor-id=\"a261y.7663282.productAttributes.i1.4b374047Ehuob9\">Marque<\/span><\/th>\n<td class=\"ant-descriptions-item-content\"><span class=\"field-value\">X-GEQCK...<\/span><\/td>\n<th class=\"ant-descriptions-item-label\">Type de mouvement<\/th>\n<td class=\"ant-descriptions-item-content\"><span class=\"field-value\">Quartz<\/span><\/td>\n<\/tr>\n<tr class=\"ant-descriptions-row\">\n<th class=\"ant-descriptions-item-label\">Imperm\u00e9able \u00e0 l'eau<\/th>\n<td class=\"ant-descriptions-item-content\"><span class=\"field-value\">OK<\/span><\/td>\n<th class=\"ant-descriptions-item-label\">Marque de mouvement<\/th>\n<td class=\"ant-descriptions-item-content\"><span class=\"field-value\">Autres<\/span><\/td>\n<\/tr>\n<tr class=\"ant-descriptions-row\">\n<th class=\"ant-descriptions-item-label\">Mat\u00e9riau de la sangle<\/th>\n<td class=\"ant-descriptions-item-content\"><span class=\"field-value\">Acier inoxydable<\/span><\/td>\n<th class=\"ant-descriptions-item-label\">Mod\u00e8le de mouvement<\/th>\n<td class=\"ant-descriptions-item-content\"><span class=\"field-value\">Autres<\/span><\/td>\n<\/tr>\n<tr class=\"ant-descriptions-row\">\n<th class=\"ant-descriptions-item-label\">Mat\u00e9riau de l'\u00e9tui<\/th>\n<td class=\"ant-descriptions-item-content\"><span class=\"field-value\">Acier inoxydable<\/span><\/td>\n<th class=\"ant-descriptions-item-label\">Type d'affichage<\/th>\n<td class=\"ant-descriptions-item-content\"><span class=\"field-value\">Pointeur<\/span><\/td>\n<\/tr>\n<tr class=\"ant-descriptions-row\">\n<th class=\"ant-descriptions-item-label\">Performance en mati\u00e8re d'\u00e9tanch\u00e9it\u00e9<\/th>\n<td class=\"ant-descriptions-item-content\"><span class=\"field-value\">10m<\/span><\/td>\n<th class=\"ant-descriptions-item-label\">Mod\u00e8le<\/th>\n<td class=\"ant-descriptions-item-content\"><span class=\"field-value\">DRL4<\/span><\/td>\n<\/tr>\n<tr class=\"ant-descriptions-row\">\n<th class=\"ant-descriptions-item-label\">LOGO imprim\u00e9<\/th>\n<td class=\"ant-descriptions-item-content\"><span class=\"field-value\">OK<\/span><\/td>\n<th class=\"ant-descriptions-item-label\">Traitement personnalis\u00e9<\/th>\n<td class=\"ant-descriptions-item-content\"><span class=\"field-value\">No<\/span><\/td>\n<\/tr>\n<tr class=\"ant-descriptions-row\">\n<th class=\"ant-descriptions-item-label\">Population concern\u00e9e<\/th>\n<td class=\"ant-descriptions-item-content\"><span class=\"field-value\">Homme<\/span><\/td>\n<th class=\"ant-descriptions-item-label\">Style<\/th>\n<td class=\"ant-descriptions-item-content\"><span class=\"field-value\">La mode<\/span><\/td>\n<\/tr>\n<tr class=\"ant-descriptions-row\">\n<th class=\"ant-descriptions-item-label\">\u00c9paisseur<\/th>\n<td class=\"ant-descriptions-item-content\"><span class=\"field-value\">10mm<\/span><\/td>\n<th class=\"ant-descriptions-item-label\">Diam\u00e8tre du cadran<\/th>\n<td class=\"ant-descriptions-item-content\"><span class=\"field-value\">43mm<\/span><\/td>\n<\/tr>\n<tr class=\"ant-descriptions-row\">\n<th class=\"ant-descriptions-item-label\">Type de couronne<\/th>\n<td class=\"ant-descriptions-item-content\"><span class=\"field-value\">Couronne en spirale<\/span><\/td>\n<th class=\"ant-descriptions-item-label\">Type de base de la table<\/th>\n<td class=\"ant-descriptions-item-content\"><span class=\"field-value\">Ordinaire<\/span><\/td>\n<\/tr>\n<tr class=\"ant-descriptions-row\">\n<th class=\"ant-descriptions-item-label\">Mat\u00e9riau du miroir<\/th>\n<td class=\"ant-descriptions-item-content\"><span class=\"field-value\">Miroir en verre renforc\u00e9 de min\u00e9raux<\/span><\/td>\n<th class=\"ant-descriptions-item-label\">Boucle de montre<\/th>\n<td class=\"ant-descriptions-item-content\"><span class=\"field-value\">Single folding buckle<\/span><\/td>\n<\/tr>\n<tr class=\"ant-descriptions-row\">\n<th class=\"ant-descriptions-item-label\">Mat\u00e9riau de la boucle<\/th>\n<td class=\"ant-descriptions-item-content\"><span class=\"field-value\">Acier inoxydable<\/span><\/td>\n<th class=\"ant-descriptions-item-label\">Forme du cadran<\/th>\n<td class=\"ant-descriptions-item-content\"><span class=\"field-value\">ronde<\/span><\/td>\n<\/tr>\n<\/tbody>\n<\/table>\n<\/div>\n<div style=\"width: 790.0px;\"><img decoding=\"async\" style=\"display: block; width: 100.0%; height: auto;\" src=\"https:\/\/cdn.shopify.com\/s\/files\/1\/0939\/8036\/0983\/files\/7a350337-c8d4-4b88-b059-e6f481423c56.jpg?v=1764748618\" usemap=\"#_sdmap_1\" \/> <img decoding=\"async\" style=\"display: block; width: 100.0%; height: auto;\" src=\"https:\/\/cdn.shopify.com\/s\/files\/1\/0939\/8036\/0983\/files\/fb076000-9cfb-431c-8110-d0d69e49575f.jpg?v=1764748621\" usemap=\"#_sdmap_3\" \/> <img decoding=\"async\" style=\"display: block; width: 100.0%; height: auto;\" src=\"https:\/\/cdn.shopify.com\/s\/files\/1\/0939\/8036\/0983\/files\/87d73174-8f99-4cb2-81fe-dccc3da76b03.jpg?v=1764748624\" usemap=\"#_sdmap_4\" \/> <img decoding=\"async\" style=\"display: block; width: 100.0%; height: auto;\" src=\"https:\/\/cdn.shopify.com\/s\/files\/1\/0939\/8036\/0983\/files\/fae69806-53e1-4874-ace3-a48bbef28fe7.jpg?v=1764748626\" usemap=\"#_sdmap_6\" \/> <img decoding=\"async\" style=\"display: block; width: 100.0%; height: auto;\" src=\"https:\/\/cdn.shopify.com\/s\/files\/1\/0939\/8036\/0983\/files\/eb8cf991-1eab-49ab-b6b3-0a0a526c84f8.jpg?v=1764748629\" usemap=\"#_sdmap_7\" \/> <img decoding=\"async\" style=\"display: block; width: 100.0%; height: auto;\" src=\"https:\/\/cdn.shopify.com\/s\/files\/1\/0939\/8036\/0983\/files\/7e950c0a-4cc0-4051-ab4b-10e43457c0e4.jpg?v=1764748631\" usemap=\"#_sdmap_8\" \/> <img decoding=\"async\" style=\"display: block; width: 100.0%; height: auto;\" src=\"https:\/\/cdn.shopify.com\/s\/files\/1\/0939\/8036\/0983\/files\/612b88e8-5f7e-4f95-83b2-c73a4c9d604e.jpg?v=1764748633\" usemap=\"#_sdmap_9\" \/> <img decoding=\"async\" style=\"display: block; width: 100.0%; height: auto;\" src=\"https:\/\/cdn.shopify.com\/s\/files\/1\/0939\/8036\/0983\/files\/d4c9b31c-c347-4d32-ab7b-8fac9957eeec.jpg?v=1764748636\" usemap=\"#_sdmap_10\" \/> <img decoding=\"async\" style=\"display: block; width: 100.0%; height: auto;\" src=\"https:\/\/cdn.shopify.com\/s\/files\/1\/0939\/8036\/0983\/files\/1d56ed86-2a8f-4855-a82d-ccfa1421d32e.jpg?v=1764748639\" usemap=\"#_sdmap_11\" \/><\/div>","protected":false},"excerpt":{"rendered":"<p>Brand X-GEQCK.. Movement type Quartz Waterproof OK Move [&hellip;]<\/p>\n","protected":false},"featured_media":4239,"comment_status":"open","ping_status":"closed","template":"","meta":[],"product_brand":[],"product_cat":[133,128],"product_tag":[85,54,66],"class_list":{"0":"post-2145","1":"product","2":"type-product","3":"status-publish","4":"has-post-thumbnail","6":"product_cat-new-shopify-performance-sharing-is-now-turned-on","7":"product_cat-quartz-watches","8":"product_tag-fully-automatic","9":"product_tag-high-appearance-value","10":"product_tag-mens-watch","12":"first","13":"instock","14":"sale","15":"shipping-taxable","16":"purchasable","17":"product-type-variable"},"_links":{"self":[{"href":"https:\/\/neiton.com\/fr\/wp-json\/wp\/v2\/product\/2145","targetHints":{"allow":["GET"]}}],"collection":[{"href":"https:\/\/neiton.com\/fr\/wp-json\/wp\/v2\/product"}],"about":[{"href":"https:\/\/neiton.com\/fr\/wp-json\/wp\/v2\/types\/product"}],"replies":[{"embeddable":true,"href":"https:\/\/neiton.com\/fr\/wp-json\/wp\/v2\/comments?post=2145"}],"wp:featuredmedia":[{"embeddable":true,"href":"https:\/\/neiton.com\/fr\/wp-json\/wp\/v2\/media\/4239"}],"wp:attachment":[{"href":"https:\/\/neiton.com\/fr\/wp-json\/wp\/v2\/media?parent=2145"}],"wp:term":[{"taxonomy":"product_brand","embeddable":true,"href":"https:\/\/neiton.com\/fr\/wp-json\/wp\/v2\/product_brand?post=2145"},{"taxonomy":"product_cat","embeddable":true,"href":"https:\/\/neiton.com\/fr\/wp-json\/wp\/v2\/product_cat?post=2145"},{"taxonomy":"product_tag","embeddable":true,"href":"https:\/\/neiton.com\/fr\/wp-json\/wp\/v2\/product_tag?post=2145"}],"curies":[{"name":"wp","href":"https:\/\/api.w.org\/{rel}","templated":true}]}}