{"id":548,"date":"2026-02-28T15:26:33","date_gmt":"2026-02-28T07:26:33","guid":{"rendered":"https:\/\/neiton.com\/product\/corgeut-6010-nh35-movement-sapphire-mirror-100m-waterproof-2\/"},"modified":"2026-02-28T15:26:36","modified_gmt":"2026-02-28T07:26:36","slug":"corgeut-6010-nh35-movement-sapphire-mirror-100m-waterproof-2","status":"publish","type":"product","link":"https:\/\/neiton.com\/fr\/product\/corgeut-6010-nh35-movement-sapphire-mirror-100m-waterproof-2\/","title":{"rendered":"Mouvement Corgeut 6010 NH35 Miroir saphir Etanche \u00e0 100m"},"content":{"rendered":"<p class=\"MsoNormal\"><span>Mouvement : NH35<\/span><\/p>\n<p class=\"MsoNormal\">Mat\u00e9riau du bo\u00eetier : acier fin 316L<br \/>Diam\u00e8tre du bo\u00eetier : 41 mm (sans la t\u00eate)<br \/>\u00c9paisseur du bo\u00eetier : 12 mm (miroir de table et couvercle inf\u00e9rieur inclus)<\/p>\n<p class=\"MsoNormal\">Mat\u00e9riau du miroir : saphir synth\u00e9tique<\/p>\n<p class=\"MsoNormal\">Niveau d'\u00e9tanch\u00e9it\u00e9 : 100m d'\u00e9tanch\u00e9it\u00e9<\/p>\n<p class=\"MsoNormal\">Longueur de la sangle : 20 cm<br \/>Largeur du bracelet : 20 mm<br \/>Mat\u00e9riau du bracelet : acier fin 316L<\/p>\n<p class=\"MsoNormal\">Poids : 180g<\/p>\n<p class=\"MsoNormal\"><span>P\u00e9riode de garantie : Un an de garantie gratuite (en plus des probl\u00e8mes de qualit\u00e9 du produit, les frais de retour\/garantie sont \u00e0 la charge de l'acheteur).<\/span><\/p>","protected":false},"excerpt":{"rendered":"<p>Movement: NH35 Case material: 316L fine steelCase diame [&hellip;]<\/p>\n","protected":false},"featured_media":2365,"comment_status":"open","ping_status":"closed","template":"","meta":[],"product_brand":[],"product_cat":[124,131,133],"product_tag":[30,32],"class_list":{"0":"post-548","1":"product","2":"type-product","3":"status-publish","4":"has-post-thumbnail","6":"product_cat-automatic-watches","7":"product_cat-corgeut-watches","8":"product_cat-new-shopify-performance-sharing-is-now-turned-on","9":"product_tag-automatic-watches","10":"product_tag-watch","12":"first","13":"instock","14":"shipping-taxable","15":"purchasable","16":"product-type-variable"},"_links":{"self":[{"href":"https:\/\/neiton.com\/fr\/wp-json\/wp\/v2\/product\/548","targetHints":{"allow":["GET"]}}],"collection":[{"href":"https:\/\/neiton.com\/fr\/wp-json\/wp\/v2\/product"}],"about":[{"href":"https:\/\/neiton.com\/fr\/wp-json\/wp\/v2\/types\/product"}],"replies":[{"embeddable":true,"href":"https:\/\/neiton.com\/fr\/wp-json\/wp\/v2\/comments?post=548"}],"wp:featuredmedia":[{"embeddable":true,"href":"https:\/\/neiton.com\/fr\/wp-json\/wp\/v2\/media\/2365"}],"wp:attachment":[{"href":"https:\/\/neiton.com\/fr\/wp-json\/wp\/v2\/media?parent=548"}],"wp:term":[{"taxonomy":"product_brand","embeddable":true,"href":"https:\/\/neiton.com\/fr\/wp-json\/wp\/v2\/product_brand?post=548"},{"taxonomy":"product_cat","embeddable":true,"href":"https:\/\/neiton.com\/fr\/wp-json\/wp\/v2\/product_cat?post=548"},{"taxonomy":"product_tag","embeddable":true,"href":"https:\/\/neiton.com\/fr\/wp-json\/wp\/v2\/product_tag?post=548"}],"curies":[{"name":"wp","href":"https:\/\/api.w.org\/{rel}","templated":true}]}}