{"id":595,"date":"2026-02-28T15:26:40","date_gmt":"2026-02-28T07:26:40","guid":{"rendered":"https:\/\/neiton.com\/product\/corgeut-6017-nh35-movement-sapphire-mirror-100m-waterproof\/"},"modified":"2026-02-28T15:26:43","modified_gmt":"2026-02-28T07:26:43","slug":"corgeut-6017-nh35-movement-sapphire-mirror-100m-waterproof","status":"publish","type":"product","link":"https:\/\/neiton.com\/fr\/product\/corgeut-6017-nh35-movement-sapphire-mirror-100m-waterproof\/","title":{"rendered":"Corgeut 6017 NH35 Movement Sapphire Mirror 100m waterproof"},"content":{"rendered":"<p class=\"MsoNormal\"><span>Mouvement : NH35<\/span><\/p>\n<p class=\"MsoNormal\">Mat\u00e9riau du bo\u00eetier : acier fin 316L<br \/>Case diameter: 40mm (excluding head)<br \/>Case thickness: 11mm (including table mirror, bottom cover)<\/p>\n<p class=\"MsoNormal\">Mat\u00e9riau du miroir : saphir synth\u00e9tique<\/p>\n<p class=\"MsoNormal\">Niveau d'\u00e9tanch\u00e9it\u00e9 : 100m d'\u00e9tanch\u00e9it\u00e9<\/p>\n<p class=\"MsoNormal\">Longueur de la sangle : 20 cm<br \/>Strap Width: 24mm<br \/>Mat\u00e9riau du bracelet : acier fin 316L<\/p>\n<p class=\"MsoNormal\">Poids : 180g<\/p>\n<p class=\"MsoNormal\"><span>P\u00e9riode de garantie : Un an de garantie gratuite (en plus des probl\u00e8mes de qualit\u00e9 du produit, les frais de retour\/garantie sont \u00e0 la charge de l'acheteur).<\/span><\/p>","protected":false},"excerpt":{"rendered":"<p>Movement: NH35 Case material: 316L fine steelCase diame [&hellip;]<\/p>\n","protected":false},"featured_media":2460,"comment_status":"open","ping_status":"closed","template":"","meta":[],"product_brand":[],"product_cat":[124,131,133],"product_tag":[30,32],"class_list":{"0":"post-595","1":"product","2":"type-product","3":"status-publish","4":"has-post-thumbnail","6":"product_cat-automatic-watches","7":"product_cat-corgeut-watches","8":"product_cat-new-shopify-performance-sharing-is-now-turned-on","9":"product_tag-automatic-watches","10":"product_tag-watch","12":"first","13":"instock","14":"shipping-taxable","15":"purchasable","16":"product-type-variable"},"_links":{"self":[{"href":"https:\/\/neiton.com\/fr\/wp-json\/wp\/v2\/product\/595","targetHints":{"allow":["GET"]}}],"collection":[{"href":"https:\/\/neiton.com\/fr\/wp-json\/wp\/v2\/product"}],"about":[{"href":"https:\/\/neiton.com\/fr\/wp-json\/wp\/v2\/types\/product"}],"replies":[{"embeddable":true,"href":"https:\/\/neiton.com\/fr\/wp-json\/wp\/v2\/comments?post=595"}],"wp:featuredmedia":[{"embeddable":true,"href":"https:\/\/neiton.com\/fr\/wp-json\/wp\/v2\/media\/2460"}],"wp:attachment":[{"href":"https:\/\/neiton.com\/fr\/wp-json\/wp\/v2\/media?parent=595"}],"wp:term":[{"taxonomy":"product_brand","embeddable":true,"href":"https:\/\/neiton.com\/fr\/wp-json\/wp\/v2\/product_brand?post=595"},{"taxonomy":"product_cat","embeddable":true,"href":"https:\/\/neiton.com\/fr\/wp-json\/wp\/v2\/product_cat?post=595"},{"taxonomy":"product_tag","embeddable":true,"href":"https:\/\/neiton.com\/fr\/wp-json\/wp\/v2\/product_tag?post=595"}],"curies":[{"name":"wp","href":"https:\/\/api.w.org\/{rel}","templated":true}]}}