{"id":750,"date":"2026-02-28T15:27:05","date_gmt":"2026-02-28T07:27:05","guid":{"rendered":"https:\/\/neiton.com\/product\/corgeut-9003-os00-movement-mineral-glass-30m-waterproof\/"},"modified":"2026-02-28T15:27:06","modified_gmt":"2026-02-28T07:27:06","slug":"corgeut-9003-os00-movement-mineral-glass-30m-waterproof","status":"publish","type":"product","link":"https:\/\/neiton.com\/fr\/product\/corgeut-9003-os00-movement-mineral-glass-30m-waterproof\/","title":{"rendered":"Corgeut 9003 OS00 Movement Mineral Glass 30m Waterproof"},"content":{"rendered":"<p class=\"MsoNormal\"><span>Movement: OS00<\/span><\/p>\n<p class=\"MsoNormal\">Mat\u00e9riau du bo\u00eetier : acier fin 316L<br \/>Diam\u00e8tre du bo\u00eetier : 41 mm (sans la t\u00eate)<br \/>Case thickness: 13.4mm (including table mirror, bottom cover)<\/p>\n<p class=\"MsoNormal\">Mat\u00e9riau du miroir : saphir synth\u00e9tique<\/p>\n<p class=\"MsoNormal\">Waterproof level: 30m waterproof<\/p>\n<p class=\"MsoNormal\">Longueur de la sangle : 20 cm<br \/>Largeur du bracelet : 22 mm<br \/>Mat\u00e9riau du bracelet : acier fin 316L<\/p>\n<p class=\"MsoNormal\">Weight: 160g<\/p>\n<p class=\"MsoNormal\"><span>P\u00e9riode de garantie : Un an de garantie gratuite (en plus des probl\u00e8mes de qualit\u00e9 du produit, les frais de retour\/garantie sont \u00e0 la charge de l'acheteur).<\/span><\/p>","protected":false},"excerpt":{"rendered":"<p>Movement: OS00 Case material: 316L fine steelCase diame [&hellip;]<\/p>\n","protected":false},"featured_media":2704,"comment_status":"open","ping_status":"closed","template":"","meta":[],"product_brand":[],"product_cat":[131,133,128],"product_tag":[38,39,32],"class_list":{"0":"post-750","1":"product","2":"type-product","3":"status-publish","4":"has-post-thumbnail","6":"product_cat-corgeut-watches","7":"product_cat-new-shopify-performance-sharing-is-now-turned-on","8":"product_cat-quartz-watches","9":"product_tag-quartz-watches","10":"product_tag-sport","11":"product_tag-watch","13":"first","14":"instock","15":"shipping-taxable","16":"purchasable","17":"product-type-variable"},"_links":{"self":[{"href":"https:\/\/neiton.com\/fr\/wp-json\/wp\/v2\/product\/750","targetHints":{"allow":["GET"]}}],"collection":[{"href":"https:\/\/neiton.com\/fr\/wp-json\/wp\/v2\/product"}],"about":[{"href":"https:\/\/neiton.com\/fr\/wp-json\/wp\/v2\/types\/product"}],"replies":[{"embeddable":true,"href":"https:\/\/neiton.com\/fr\/wp-json\/wp\/v2\/comments?post=750"}],"wp:featuredmedia":[{"embeddable":true,"href":"https:\/\/neiton.com\/fr\/wp-json\/wp\/v2\/media\/2704"}],"wp:attachment":[{"href":"https:\/\/neiton.com\/fr\/wp-json\/wp\/v2\/media?parent=750"}],"wp:term":[{"taxonomy":"product_brand","embeddable":true,"href":"https:\/\/neiton.com\/fr\/wp-json\/wp\/v2\/product_brand?post=750"},{"taxonomy":"product_cat","embeddable":true,"href":"https:\/\/neiton.com\/fr\/wp-json\/wp\/v2\/product_cat?post=750"},{"taxonomy":"product_tag","embeddable":true,"href":"https:\/\/neiton.com\/fr\/wp-json\/wp\/v2\/product_tag?post=750"}],"curies":[{"name":"wp","href":"https:\/\/api.w.org\/{rel}","templated":true}]}}